{"id":36596,"date":"2021-11-07T16:05:59","date_gmt":"2021-11-07T15:05:59","guid":{"rendered":"https:\/\/promz.be\/product\/bk-superior-3-ply-poele-a-griller\/"},"modified":"2022-02-10T12:10:39","modified_gmt":"2022-02-10T11:10:39","slug":"bk-superior-3-ply-poele-a-griller","status":"publish","type":"product","link":"https:\/\/promz.be\/fr\/product\/bk-superior-3-ply-poele-a-griller\/","title":{"rendered":"BK Superior 3-Ply Po\u00eale \u00e0 griller"},"content":{"rendered":"<p>Les cuisiniers amateurs ne peuvent plus se passer de la gamme BK Superior 3-ply. Les po\u00eales sont fabriqu\u00e9es<br \/>\nde 3-ply sur toute leur surface, une conception unique de deux couches d\u2019acier inoxydable avec une couche<br \/>\nd\u2019aluminium entre les deux. Cette structure assure une r\u00e9partition rapide et homog\u00e8ne de la chaleur, sans points<br \/>\nde surchauffe. Id\u00e9al, par exemple, pour r\u00f4tir un steak \u00e0 haute temp\u00e9rature. L\u2019\u00e9l\u00e9gante poign\u00e9e coul\u00e9e creuse<br \/>\nvous offre une bonne prise et chauffe moins vite pendant la cuisson.<\/p>\n","protected":false},"excerpt":{"rendered":"<p>Les cuisiniers amateurs ne peuvent plus se passer de la gamme BK Superior 3-ply. Les po\u00eales sont fabriqu\u00e9es<br \/>\nde 3-ply sur toute leur surface, une conception unique de deux couches d\u2019acier inoxydable avec une couche<br \/>\nd\u2019aluminium entre les deux. Cette structure assure une r\u00e9partition rapide et homog\u00e8ne de la chaleur, sans points<br \/>\nde surchauffe. Id\u00e9al, par exemple, pour r\u00f4tir un steak \u00e0 haute temp\u00e9rature. L\u2019\u00e9l\u00e9gante poign\u00e9e coul\u00e9e creuse<br \/>\nvous offre une bonne prise et chauffe moins vite pendant la cuisson. [&#8230;]<\/p>\n<p><a class=\"btn btn-secondary understrap-read-more-link\" href=\"https:\/\/promz.be\/fr\/product\/bk-superior-3-ply-poele-a-griller\/\">Lire la suite&#8230;<\/a><\/p>\n","protected":false},"featured_media":36458,"comment_status":"closed","ping_status":"closed","template":"","meta":[],"product_cat":[947,980,988,950,957],"product_tag":[],"_links":{"self":[{"href":"https:\/\/promz.be\/fr\/wp-json\/wp\/v2\/product\/36596"}],"collection":[{"href":"https:\/\/promz.be\/fr\/wp-json\/wp\/v2\/product"}],"about":[{"href":"https:\/\/promz.be\/fr\/wp-json\/wp\/v2\/types\/product"}],"replies":[{"embeddable":true,"href":"https:\/\/promz.be\/fr\/wp-json\/wp\/v2\/comments?post=36596"}],"wp:featuredmedia":[{"embeddable":true,"href":"https:\/\/promz.be\/fr\/wp-json\/wp\/v2\/media\/36458"}],"wp:attachment":[{"href":"https:\/\/promz.be\/fr\/wp-json\/wp\/v2\/media?parent=36596"}],"wp:term":[{"taxonomy":"product_cat","embeddable":true,"href":"https:\/\/promz.be\/fr\/wp-json\/wp\/v2\/product_cat?post=36596"},{"taxonomy":"product_tag","embeddable":true,"href":"https:\/\/promz.be\/fr\/wp-json\/wp\/v2\/product_tag?post=36596"}],"curies":[{"name":"wp","href":"https:\/\/api.w.org\/{rel}","templated":true}]}}