{"id":36598,"date":"2021-09-24T23:26:07","date_gmt":"2021-09-24T21:26:07","guid":{"rendered":"https:\/\/promz.be\/product\/kitchenaid-steel-core-enamel\/"},"modified":"2022-02-10T12:20:44","modified_gmt":"2022-02-10T11:20:44","slug":"kitchenaid-steel-core-enamel","status":"publish","type":"product","link":"https:\/\/promz.be\/fr\/product\/kitchenaid-steel-core-enamel\/","title":{"rendered":"KitchenAid Steel Core Enamel"},"content":{"rendered":"<p>Les ustensiles de cuisine \u00e9maill\u00e9s sont un classique<br \/>\nancestral, test\u00e9, \u00e9prouv\u00e9 et appr\u00e9ci\u00e9 depuis de<br \/>\nnombreuses g\u00e9n\u00e9rations. La collection KitchenAid<br \/>\nSteel Core Enamel r\u00e9invente ce favori embl\u00e9matique<br \/>\nde la cuisine en alliant savoir-faire authentique et<br \/>\ndesign intelligent. Cette s\u00e9rie est aussi esth\u00e9tique<br \/>\nque polyvalente: cuire, saisir, dorer, r\u00f4tir, braiser\u2026<br \/>\nAvec cette collection, tout est possible! La surface<br \/>\nde cuisson \u00e9maill\u00e9e est 100% naturelle, extr\u00eamement<br \/>\ndurable et non r\u00e9active pour une pr\u00e9servation<br \/>\noptimale des saveurs. La s\u00e9rie est dot\u00e9e d\u2019un coeur<br \/>\nen acier qui garantit une excellente r\u00e9tention de la<br \/>\nchaleur, tandis que les poign\u00e9es en acier restent<br \/>\nfroides pour que vous puissiez facilement transporter<br \/>\nvotre casserole de la cuisini\u00e8re jusqu\u2019\u00e0 la table. Tous<br \/>\nles articles poss\u00e8dent un bord en acier inoxydable<br \/>\npour verser sans faire de gouttes et un couvercle en<br \/>\nverre tremp\u00e9 pour contr\u00f4ler facilement la cuisson. Ils<br \/>\nd\u00e9livrent des performances optimales sur toutes les<br \/>\nsources de chaleur, y compris l\u2019induction, et r\u00e9sistent<br \/>\nau four (jusqu\u2019\u00e0 220\u00b0C) et au lave-vaisselle. La s\u00e9rie<br \/>\nest disponible dans les coloris Rouge Empire, Cr\u00e8me,<br \/>\nNoir Onyx et Noir R\u00e9glisse, qui s\u2019harmonisent avec<br \/>\nvos autres appareils KitchenAid. Une collection<br \/>\nembl\u00e9matique pour un plaisir culinaire intemporel!<\/p>\n","protected":false},"excerpt":{"rendered":"<p>Les ustensiles de cuisine \u00e9maill\u00e9s sont un classique ancestral, test\u00e9, \u00e9prouv\u00e9 et appr\u00e9ci\u00e9 depuis denombreuses g\u00e9n\u00e9rations. La collection KitchenAid Steel Core Enamel r\u00e9invente ce favori embl\u00e9matique<br \/>\nde la cuisine en alliant savoir-faire authentique et design intelligent. Cette s\u00e9rie est aussi esth\u00e9tique que polyvalente: cuire, saisir, dorer, r\u00f4tir, braiser\u2026 Avec cette collection, tout est possible! La surface<br \/>\nde cuisson \u00e9maill\u00e9e est 100% naturelle, extr\u00eamement durable et non r\u00e9active pour une pr\u00e9servation optimale des saveurs. La s\u00e9rie est dot\u00e9e d\u2019un coeur en acier qui garantit une excellente r\u00e9tention de la<br \/>\nchaleur, tandis que les poign\u00e9es en acier restent froides pour que vous puissiez facilement transporter votre casserole de la cuisini\u00e8re jusqu\u2019\u00e0 la table. Tous les articles poss\u00e8dent un bord en acier inoxydable pour verser sans faire de gouttes et un couvercle en verre tremp\u00e9 pour contr\u00f4ler facilement la cuisson. Ils d\u00e9livrent des performances optimales sur toutes les sources de chaleur, y compris l\u2019induction, et r\u00e9sistent au four (jusqu\u2019\u00e0 220\u00b0C) et au lave-vaisselle. La s\u00e9rie est disponible dans les coloris Rouge Empire, Cr\u00e8me, Noir Onyx et Noir R\u00e9glisse, qui s\u2019harmonisent avec<br \/>\nvos autres appareils KitchenAid. Une collection embl\u00e9matique pour un plaisir culinaire intemporel! [&#8230;]<\/p>\n<p><a class=\"btn btn-secondary understrap-read-more-link\" href=\"https:\/\/promz.be\/fr\/product\/kitchenaid-steel-core-enamel\/\">Lire la suite&#8230;<\/a><\/p>\n","protected":false},"featured_media":36546,"comment_status":"closed","ping_status":"closed","template":"","meta":[],"product_cat":[947,988,950,957,981],"product_tag":[],"_links":{"self":[{"href":"https:\/\/promz.be\/fr\/wp-json\/wp\/v2\/product\/36598"}],"collection":[{"href":"https:\/\/promz.be\/fr\/wp-json\/wp\/v2\/product"}],"about":[{"href":"https:\/\/promz.be\/fr\/wp-json\/wp\/v2\/types\/product"}],"replies":[{"embeddable":true,"href":"https:\/\/promz.be\/fr\/wp-json\/wp\/v2\/comments?post=36598"}],"wp:featuredmedia":[{"embeddable":true,"href":"https:\/\/promz.be\/fr\/wp-json\/wp\/v2\/media\/36546"}],"wp:attachment":[{"href":"https:\/\/promz.be\/fr\/wp-json\/wp\/v2\/media?parent=36598"}],"wp:term":[{"taxonomy":"product_cat","embeddable":true,"href":"https:\/\/promz.be\/fr\/wp-json\/wp\/v2\/product_cat?post=36598"},{"taxonomy":"product_tag","embeddable":true,"href":"https:\/\/promz.be\/fr\/wp-json\/wp\/v2\/product_tag?post=36598"}],"curies":[{"name":"wp","href":"https:\/\/api.w.org\/{rel}","templated":true}]}}