{"id":36599,"date":"2021-08-15T11:00:08","date_gmt":"2021-08-15T09:00:08","guid":{"rendered":"https:\/\/promz.be\/product\/kitchenaid-ustensiles-de-patisserie\/"},"modified":"2022-02-10T10:23:58","modified_gmt":"2022-02-10T09:23:58","slug":"kitchenaid-ustensiles-de-patisserie","status":"publish","type":"product","link":"https:\/\/promz.be\/fr\/product\/kitchenaid-ustensiles-de-patisserie\/","title":{"rendered":"KitchenAid Ustensiles de p\u00e2tisserie"},"content":{"rendered":"<p>Dans la collection KitchenAid Bakeware, nous retrou vons les ustensiles de p\u00e2tisserie essentiels, un r\u00e9el<br \/>\n\u00e9ven-tail quasi illimit\u00e9 pour vos recettes cr\u00e9atives.<br \/>\nLes produits sont constitu\u00e9s d\u2019acier aluminis\u00e9,<br \/>\nr\u00e9sistant aux rayures et \u00e0 la corrosion. L\u2019\u00e9paisseur<br \/>\nde 0,8 mm \u00e9vite en outre la d\u00e9formation et assure<br \/>\nune r\u00e9partition homog\u00e8ne de la chaleur, pour des<br \/>\nr\u00e9sultats parfaits<\/p>\n<p>\u00a0<\/p>\n","protected":false},"excerpt":{"rendered":"<p>Dans la collection KitchenAid Bakeware, nous retrou vons les ustensiles de p\u00e2tisserie essentiels, un r\u00e9el<br \/>\n\u00e9ven-tail quasi illimit\u00e9 pour vos recettes cr\u00e9atives.<br \/>\nLes produits sont constitu\u00e9s d\u2019acier aluminis\u00e9,<br \/>\nr\u00e9sistant aux rayures et \u00e0 la corrosion. L\u2019\u00e9paisseur<br \/>\nde 0,8 mm \u00e9vite en outre la d\u00e9formation et assure<br \/>\nune r\u00e9partition homog\u00e8ne de la chaleur, pour des<br \/>\nr\u00e9sultats parfaits [&#8230;]<\/p>\n<p><a class=\"btn btn-secondary understrap-read-more-link\" href=\"https:\/\/promz.be\/fr\/product\/kitchenaid-ustensiles-de-patisserie\/\">Lire la suite&#8230;<\/a><\/p>\n","protected":false},"featured_media":36548,"comment_status":"closed","ping_status":"open","template":"","meta":[],"product_cat":[947,988,950,977],"product_tag":[],"_links":{"self":[{"href":"https:\/\/promz.be\/fr\/wp-json\/wp\/v2\/product\/36599"}],"collection":[{"href":"https:\/\/promz.be\/fr\/wp-json\/wp\/v2\/product"}],"about":[{"href":"https:\/\/promz.be\/fr\/wp-json\/wp\/v2\/types\/product"}],"replies":[{"embeddable":true,"href":"https:\/\/promz.be\/fr\/wp-json\/wp\/v2\/comments?post=36599"}],"wp:featuredmedia":[{"embeddable":true,"href":"https:\/\/promz.be\/fr\/wp-json\/wp\/v2\/media\/36548"}],"wp:attachment":[{"href":"https:\/\/promz.be\/fr\/wp-json\/wp\/v2\/media?parent=36599"}],"wp:term":[{"taxonomy":"product_cat","embeddable":true,"href":"https:\/\/promz.be\/fr\/wp-json\/wp\/v2\/product_cat?post=36599"},{"taxonomy":"product_tag","embeddable":true,"href":"https:\/\/promz.be\/fr\/wp-json\/wp\/v2\/product_tag?post=36599"}],"curies":[{"name":"wp","href":"https:\/\/api.w.org\/{rel}","templated":true}]}}