{"id":36601,"date":"2021-08-12T23:09:22","date_gmt":"2021-08-12T21:09:22","guid":{"rendered":"https:\/\/promz.be\/product\/kitchenaid-classic-wok\/"},"modified":"2022-02-10T13:13:15","modified_gmt":"2022-02-10T12:13:15","slug":"kitchenaid-classic-wok","status":"publish","type":"product","link":"https:\/\/promz.be\/fr\/product\/kitchenaid-classic-wok\/","title":{"rendered":"KitchenAid Classic Wok"},"content":{"rendered":"<p>La collection KitchenAid Classic Stainless Steel<br \/>\ndispose d\u2019une base induction en acier inoxydable et<br \/>\nd\u2019un coeur en aluminium pour des cuissons parfaites<br \/>\nsur toutes les sources de chaleur. Ces ustensiles de<br \/>\ncuisine sont \u00e9quip\u00e9s d\u2019un rev\u00eatement antiadh\u00e9sif<br \/>\nc\u00e9ramique pour d\u00e9tacher facilement les aliments,<br \/>\nde bords incurv\u00e9s pour verser sans goutter et de<br \/>\ncouvercles en verre tremp\u00e9 pour surveiller la recette<br \/>\nsans les soulever. La poign\u00e9e isolante garantit une<br \/>\nprise en main s\u00fbre et r\u00e9siste au four (jusqu\u2019\u00e0 160\u00b0C)<br \/>\npour un confort maximum. Une collection d\u2019ustensiles<br \/>\nde cuisine de haute qualit\u00e9 pour tirer le meilleur parti<br \/>\nde la cuisine de tous les jours.<\/p>\n","protected":false},"excerpt":{"rendered":"<p>La collection KitchenAid Classic Stainless Steel dispose d\u2019une base induction en acier inoxydable et d\u2019un coeur en aluminium pour des cuissons parfaites sur toutes les sources de chaleur. Ces ustensiles de<br \/>\ncuisine sont \u00e9quip\u00e9s d\u2019un rev\u00eatement antiadh\u00e9sif c\u00e9ramique pour d\u00e9tacher facilement les aliments, de bords incurv\u00e9s pour verser sans goutter et de couvercles en verre tremp\u00e9 pour surveiller la recette<br \/>\nsans les soulever. La poign\u00e9e isolante garantit une prise en main s\u00fbre et r\u00e9siste au four (jusqu\u2019\u00e0 160\u00b0C) pour un confort maximum. Une collection d\u2019ustensiles de cuisine de haute qualit\u00e9 pour tirer le meilleur parti de la cuisine de tous les jours. [&#8230;]<\/p>\n<p><a class=\"btn btn-secondary understrap-read-more-link\" href=\"https:\/\/promz.be\/fr\/product\/kitchenaid-classic-wok\/\">Lire la suite&#8230;<\/a><\/p>\n","protected":false},"featured_media":36502,"comment_status":"closed","ping_status":"closed","template":"","meta":[],"product_cat":[947,980,988,950,957],"product_tag":[],"_links":{"self":[{"href":"https:\/\/promz.be\/fr\/wp-json\/wp\/v2\/product\/36601"}],"collection":[{"href":"https:\/\/promz.be\/fr\/wp-json\/wp\/v2\/product"}],"about":[{"href":"https:\/\/promz.be\/fr\/wp-json\/wp\/v2\/types\/product"}],"replies":[{"embeddable":true,"href":"https:\/\/promz.be\/fr\/wp-json\/wp\/v2\/comments?post=36601"}],"wp:featuredmedia":[{"embeddable":true,"href":"https:\/\/promz.be\/fr\/wp-json\/wp\/v2\/media\/36502"}],"wp:attachment":[{"href":"https:\/\/promz.be\/fr\/wp-json\/wp\/v2\/media?parent=36601"}],"wp:term":[{"taxonomy":"product_cat","embeddable":true,"href":"https:\/\/promz.be\/fr\/wp-json\/wp\/v2\/product_cat?post=36601"},{"taxonomy":"product_tag","embeddable":true,"href":"https:\/\/promz.be\/fr\/wp-json\/wp\/v2\/product_tag?post=36601"}],"curies":[{"name":"wp","href":"https:\/\/api.w.org\/{rel}","templated":true}]}}