{"id":36614,"date":"2021-11-04T17:26:32","date_gmt":"2021-11-04T16:26:32","guid":{"rendered":"https:\/\/promz.be\/product\/greenpan-mayflower-sauteuse\/"},"modified":"2022-02-10T12:13:17","modified_gmt":"2022-02-10T11:13:17","slug":"greenpan-mayflower-sauteuse","status":"publish","type":"product","link":"https:\/\/promz.be\/fr\/product\/greenpan-mayflower-sauteuse\/","title":{"rendered":"GreenPan Mayflower sauteuse"},"content":{"rendered":"<p>Cette collection d\u2019inspiration scandinave apporte une touche de couleur et une bonne dose de chaleur dans votre maison ! L\u2019id\u00e9al pour celles et ceux qui aiment passer du temps en cuisine au quotidien.<\/p>\n<p>Dot\u00e9e d&#8217;une base \u00e9paisse en aluminium forg\u00e9 et d\u2019un rev\u00eatement antiadh\u00e9sif en c\u00e9ramique Thermolon Infinity Pro, elle permet de cr\u00e9er sans effort les plats les plus savoureux. \u00c9galement disponible dans la gamme Mayflower : po\u00eales \u00e0 frire, wok, casseroles, marmites et accessoires.<\/p>\n","protected":false},"excerpt":{"rendered":"<p>Cette collection d\u2019inspiration scandinave apporte une touche de couleur et une bonne dose de chaleur dans votre maison ! L\u2019id\u00e9al pour celles et ceux qui aiment passer du temps en cuisine au quotidien.<\/p>\n<p>Dot\u00e9e d&#8217;une base \u00e9paisse en aluminium forg\u00e9 et d\u2019un rev\u00eatement antiadh\u00e9sif en c\u00e9ramique Thermolon Infinity Pro, elle permet de cr\u00e9er sans effort les plats les plus savoureux. \u00c9galement disponible dans la gamme Mayflower : po\u00eales \u00e0 frire, wok, casseroles, marmites et accessoires. [&#8230;]<\/p>\n<p><a class=\"btn btn-secondary understrap-read-more-link\" href=\"https:\/\/promz.be\/fr\/product\/greenpan-mayflower-sauteuse\/\">Lire la suite&#8230;<\/a><\/p>\n","protected":false},"featured_media":36376,"comment_status":"closed","ping_status":"closed","template":"","meta":[],"product_cat":[947,980,988,950,957],"product_tag":[],"_links":{"self":[{"href":"https:\/\/promz.be\/fr\/wp-json\/wp\/v2\/product\/36614"}],"collection":[{"href":"https:\/\/promz.be\/fr\/wp-json\/wp\/v2\/product"}],"about":[{"href":"https:\/\/promz.be\/fr\/wp-json\/wp\/v2\/types\/product"}],"replies":[{"embeddable":true,"href":"https:\/\/promz.be\/fr\/wp-json\/wp\/v2\/comments?post=36614"}],"wp:featuredmedia":[{"embeddable":true,"href":"https:\/\/promz.be\/fr\/wp-json\/wp\/v2\/media\/36376"}],"wp:attachment":[{"href":"https:\/\/promz.be\/fr\/wp-json\/wp\/v2\/media?parent=36614"}],"wp:term":[{"taxonomy":"product_cat","embeddable":true,"href":"https:\/\/promz.be\/fr\/wp-json\/wp\/v2\/product_cat?post=36614"},{"taxonomy":"product_tag","embeddable":true,"href":"https:\/\/promz.be\/fr\/wp-json\/wp\/v2\/product_tag?post=36614"}],"curies":[{"name":"wp","href":"https:\/\/api.w.org\/{rel}","templated":true}]}}