{"id":36615,"date":"2021-08-19T10:12:26","date_gmt":"2021-08-19T08:12:26","guid":{"rendered":"https:\/\/promz.be\/product\/greenpan-copenhagen\/"},"modified":"2022-02-10T10:24:35","modified_gmt":"2022-02-10T09:24:35","slug":"greenpan-copenhagen","status":"publish","type":"product","link":"https:\/\/promz.be\/fr\/product\/greenpan-copenhagen\/","title":{"rendered":"GreenPan Copenhagen"},"content":{"rendered":"<p>Les po\u00eales de la collection Copenhagen ont une surface de cuisson extralarge et sont extr\u00eamement durables gr\u00e2ce \u00e0 l\u2019utilisation d\u2019aluminium tremp\u00e9.<\/p>\n<p>Le rev\u00eatement antiadh\u00e9sif en c\u00e9ramique Thermolon Infinity Pro est renforc\u00e9 de diamant, chauffe rapidement et assure des cuissons parfaites. Il ne contient aucune substance toxique (sans PFAS).<br \/>\nLe design \u00e9pur\u00e9 et les poign\u00e9es en acier inoxydable mat conf\u00e8rent \u00e0 cette collection un look minimaliste. \u00c9galement disponible dans la gamme Copenhagen: wok, sauteuse, casseroles, marmites et po\u00eale \u00e0 cr\u00eapes.<\/p>\n<p>\u00a0<\/p>\n","protected":false},"excerpt":{"rendered":"<p>Les po\u00eales de la collection Copenhagen ont une surface de cuisson extralarge et sont extr\u00eamement durables gr\u00e2ce \u00e0 l\u2019utilisation d\u2019aluminium tremp\u00e9.<\/p>\n<p>Le rev\u00eatement antiadh\u00e9sif en c\u00e9ramique Thermolon Infinity Pro est renforc\u00e9 de diamant, chauffe rapidement et assure des cuissons parfaites. Il ne contient aucune substance toxique (sans PFAS).<br \/>\nLe design \u00e9pur\u00e9 et les poign\u00e9es en acier inoxydable mat conf\u00e8rent \u00e0 cette collection un look minimaliste. \u00c9galement disponible dans la gamme Copenhagen: wok, sauteuse, casseroles, marmites et po\u00eale \u00e0 cr\u00eapes. [&#8230;]<\/p>\n<p><a class=\"btn btn-secondary understrap-read-more-link\" href=\"https:\/\/promz.be\/fr\/product\/greenpan-copenhagen\/\">Lire la suite&#8230;<\/a><\/p>\n","protected":false},"featured_media":31198,"comment_status":"closed","ping_status":"open","template":"","meta":[],"product_cat":[947,980,988,950,957,1027],"product_tag":[],"_links":{"self":[{"href":"https:\/\/promz.be\/fr\/wp-json\/wp\/v2\/product\/36615"}],"collection":[{"href":"https:\/\/promz.be\/fr\/wp-json\/wp\/v2\/product"}],"about":[{"href":"https:\/\/promz.be\/fr\/wp-json\/wp\/v2\/types\/product"}],"replies":[{"embeddable":true,"href":"https:\/\/promz.be\/fr\/wp-json\/wp\/v2\/comments?post=36615"}],"wp:featuredmedia":[{"embeddable":true,"href":"https:\/\/promz.be\/fr\/wp-json\/wp\/v2\/media\/31198"}],"wp:attachment":[{"href":"https:\/\/promz.be\/fr\/wp-json\/wp\/v2\/media?parent=36615"}],"wp:term":[{"taxonomy":"product_cat","embeddable":true,"href":"https:\/\/promz.be\/fr\/wp-json\/wp\/v2\/product_cat?post=36615"},{"taxonomy":"product_tag","embeddable":true,"href":"https:\/\/promz.be\/fr\/wp-json\/wp\/v2\/product_tag?post=36615"}],"curies":[{"name":"wp","href":"https:\/\/api.w.org\/{rel}","templated":true}]}}