{"id":36617,"date":"2021-08-18T19:47:52","date_gmt":"2021-08-18T17:47:52","guid":{"rendered":"https:\/\/promz.be\/product\/greenpan-cambridge-wok\/"},"modified":"2022-02-10T10:24:38","modified_gmt":"2022-02-10T09:24:38","slug":"greenpan-cambridge-wok","status":"publish","type":"product","link":"https:\/\/promz.be\/fr\/product\/greenpan-cambridge-wok\/","title":{"rendered":"GreenPan Cambridge Wok"},"content":{"rendered":"<p>Passer des heures en cuisine, ce n&#8217;est pas votre truc ? Cette collection a tout ce dont vous avez besoin pour vous faciliter la vie. Gr\u00e2ce \u00e0 la poign\u00e9e isolante, vous n\u2019avez pas besoin de maniques, et l\u2019int\u00e9rieur lisse fait de la vaisselle un jeu d\u2019enfant ! \tRev\u00eatement antiadh\u00e9sif en c\u00e9ramique renforc\u00e9e de diamants, sans PFAS. \u00c9galement disponibles dans la collection GreenPan Cambridge : po\u00eales \u00e0 frire, po\u00eale \u00e0 poisson, sauteuse, marmites, casserole, po\u00eale \u00e0 cr\u00eapes et po\u00eale \u00e0 gril.<\/p>\n<p>\u00a0<\/p>\n","protected":false},"excerpt":{"rendered":"<p>Passer des heures en cuisine, ce n&#8217;est pas votre truc ? Cette collection a tout ce dont vous avez besoin pour vous faciliter la vie. Gr\u00e2ce \u00e0 la poign\u00e9e isolante, vous n\u2019avez pas besoin de maniques, et l\u2019int\u00e9rieur lisse fait de la vaisselle un jeu d\u2019enfant ! \tRev\u00eatement antiadh\u00e9sif en c\u00e9ramique renforc\u00e9e de diamants, sans PFAS. \u00c9galement disponibles dans la collection GreenPan Cambridge : po\u00eales \u00e0 frire, po\u00eale \u00e0 poisson, sauteuse, marmites, casserole, po\u00eale \u00e0 cr\u00eapes et po\u00eale \u00e0 gril. [&#8230;]<\/p>\n<p><a class=\"btn btn-secondary understrap-read-more-link\" href=\"https:\/\/promz.be\/fr\/product\/greenpan-cambridge-wok\/\">Lire la suite&#8230;<\/a><\/p>\n","protected":false},"featured_media":36366,"comment_status":"closed","ping_status":"open","template":"","meta":[],"product_cat":[947,980,988,950,957],"product_tag":[],"_links":{"self":[{"href":"https:\/\/promz.be\/fr\/wp-json\/wp\/v2\/product\/36617"}],"collection":[{"href":"https:\/\/promz.be\/fr\/wp-json\/wp\/v2\/product"}],"about":[{"href":"https:\/\/promz.be\/fr\/wp-json\/wp\/v2\/types\/product"}],"replies":[{"embeddable":true,"href":"https:\/\/promz.be\/fr\/wp-json\/wp\/v2\/comments?post=36617"}],"wp:featuredmedia":[{"embeddable":true,"href":"https:\/\/promz.be\/fr\/wp-json\/wp\/v2\/media\/36366"}],"wp:attachment":[{"href":"https:\/\/promz.be\/fr\/wp-json\/wp\/v2\/media?parent=36617"}],"wp:term":[{"taxonomy":"product_cat","embeddable":true,"href":"https:\/\/promz.be\/fr\/wp-json\/wp\/v2\/product_cat?post=36617"},{"taxonomy":"product_tag","embeddable":true,"href":"https:\/\/promz.be\/fr\/wp-json\/wp\/v2\/product_tag?post=36617"}],"curies":[{"name":"wp","href":"https:\/\/api.w.org\/{rel}","templated":true}]}}