{"id":36619,"date":"2021-12-03T16:18:59","date_gmt":"2021-12-03T15:18:59","guid":{"rendered":"https:\/\/promz.be\/product\/greenpan-mayflower-set-13-pieces\/"},"modified":"2022-02-10T11:46:12","modified_gmt":"2022-02-10T10:46:12","slug":"greenpan-mayflower-set-13-pieces","status":"publish","type":"product","link":"https:\/\/promz.be\/fr\/product\/greenpan-mayflower-set-13-pieces\/","title":{"rendered":"GreenPan Mayflower set 13 pi\u00e8ces"},"content":{"rendered":"<p>Cette collection d\u2019inspiration scandinave apporte une touche de couleur et une bonne dose de chaleur dans votre maison ! L\u2019id\u00e9al pour celles et ceux qui aiment passer du temps en cuisine au quotidien. Dot\u00e9e d&#8217;une base \u00e9paisse en aluminium forg\u00e9 et d\u2019un rev\u00eatement antiadh\u00e9sif en c\u00e9ramique Thermolon Infinity Pro, elle permet de cr\u00e9er sans effort les plats les plus savoureux<br \/>\nCet ensemble comprend :<br \/>\nPo\u00eale 28 cm (largeur induction : 22 cm)<br \/>\nMarmite 18 cm avec couvercle (largeur induction : 15 cm)<br \/>\nMarmite 20 cm avec couvercle (largeur induction : 17 cm)<br \/>\nMarmite 24 cm avec couvercle (largeur induction : 20 cm)<br \/>\nCasserole 16 cm (largeur induction : 13 cm)<br \/>\n5 accessoires<br \/>\nles articles sont \u00e9galement disponibles s\u00e9par\u00e9ment.<\/p>\n","protected":false},"excerpt":{"rendered":"<p>Cette collection d\u2019inspiration scandinave apporte une touche de couleur et une bonne dose de chaleur dans votre maison ! L\u2019id\u00e9al pour celles et ceux qui aiment passer du temps en cuisine au quotidien. Dot\u00e9e d&#8217;une base \u00e9paisse en aluminium forg\u00e9 et d\u2019un rev\u00eatement antiadh\u00e9sif en c\u00e9ramique Thermolon Infinity Pro, elle permet de cr\u00e9er sans effort les plats les plus savoureux<br \/>\nCet ensemble comprend :<br \/>\nPo\u00eale 28 cm (largeur induction : 22 cm)<br \/>\nMarmite 18 cm avec couvercle (largeur induction : 15 cm)<br \/>\nMarmite 20 cm avec couvercle (largeur induction : 17 cm)<br \/>\nMarmite 24 cm avec couvercle (largeur induction : 20 cm)<br \/>\nCasserole 16 cm (largeur induction : 13 cm)<br \/>\n5 accessoires<br \/>\nles articles sont \u00e9galement disponibles s\u00e9par\u00e9ment. [&#8230;]<\/p>\n<p><a class=\"btn btn-secondary understrap-read-more-link\" href=\"https:\/\/promz.be\/fr\/product\/greenpan-mayflower-set-13-pieces\/\">Lire la suite&#8230;<\/a><\/p>\n","protected":false},"featured_media":36334,"comment_status":"closed","ping_status":"closed","template":"","meta":[],"product_cat":[947,980,988,950,957],"product_tag":[],"_links":{"self":[{"href":"https:\/\/promz.be\/fr\/wp-json\/wp\/v2\/product\/36619"}],"collection":[{"href":"https:\/\/promz.be\/fr\/wp-json\/wp\/v2\/product"}],"about":[{"href":"https:\/\/promz.be\/fr\/wp-json\/wp\/v2\/types\/product"}],"replies":[{"embeddable":true,"href":"https:\/\/promz.be\/fr\/wp-json\/wp\/v2\/comments?post=36619"}],"wp:featuredmedia":[{"embeddable":true,"href":"https:\/\/promz.be\/fr\/wp-json\/wp\/v2\/media\/36334"}],"wp:attachment":[{"href":"https:\/\/promz.be\/fr\/wp-json\/wp\/v2\/media?parent=36619"}],"wp:term":[{"taxonomy":"product_cat","embeddable":true,"href":"https:\/\/promz.be\/fr\/wp-json\/wp\/v2\/product_cat?post=36619"},{"taxonomy":"product_tag","embeddable":true,"href":"https:\/\/promz.be\/fr\/wp-json\/wp\/v2\/product_tag?post=36619"}],"curies":[{"name":"wp","href":"https:\/\/api.w.org\/{rel}","templated":true}]}}