{"id":36620,"date":"2021-11-16T10:37:53","date_gmt":"2021-11-16T09:37:53","guid":{"rendered":"https:\/\/promz.be\/product\/greenpan-mini-poele-14-cm\/"},"modified":"2022-02-10T11:47:08","modified_gmt":"2022-02-10T10:47:08","slug":"greenpan-mini-poele-14-cm","status":"publish","type":"product","link":"https:\/\/promz.be\/fr\/product\/greenpan-mini-poele-14-cm\/","title":{"rendered":"GreenPan mini po\u00eale 14 cm"},"content":{"rendered":"<p>Une po\u00eale ne doit pas \u00eatre grande, mais juste ce qu\u2019il faut. Notre gamme Mini r\u00e9pond \u00e0 chacun de vos besoins culinaires. Que vous aimiez le pain perdu, les pancakes am\u00e9ricains, les \u0153ufs et le bacon ou encore les cheeseburgers, nous avons la po\u00eale parfaite pour cuire chacun de ces plats. Fun et color\u00e9e, pour les cuisiniers cr\u00e9atifs et les enfants qui ont du go\u00fbt. Les r\u00e9sultats maxi de nos po\u00eales mini sont garantis par le rev\u00eatement antiadh\u00e9sif en c\u00e9ramique Thermolon.<\/p>\n","protected":false},"excerpt":{"rendered":"<p>Une po\u00eale ne doit pas \u00eatre grande, mais juste ce qu\u2019il faut. Notre gamme Mini r\u00e9pond \u00e0 chacun de vos besoins culinaires. Que vous aimiez le pain perdu, les pancakes am\u00e9ricains, les \u0153ufs et le bacon ou encore les cheeseburgers, nous avons la po\u00eale parfaite pour cuire chacun de ces plats. Fun et color\u00e9e, pour les cuisiniers cr\u00e9atifs et les enfants qui ont du go\u00fbt. Les r\u00e9sultats maxi de nos po\u00eales mini sont garantis par le rev\u00eatement antiadh\u00e9sif en c\u00e9ramique Thermolon. [&#8230;]<\/p>\n<p><a class=\"btn btn-secondary understrap-read-more-link\" href=\"https:\/\/promz.be\/fr\/product\/greenpan-mini-poele-14-cm\/\">Lire la suite&#8230;<\/a><\/p>\n","protected":false},"featured_media":36340,"comment_status":"closed","ping_status":"closed","template":"","meta":[],"product_cat":[947,980,988,950,957],"product_tag":[],"_links":{"self":[{"href":"https:\/\/promz.be\/fr\/wp-json\/wp\/v2\/product\/36620"}],"collection":[{"href":"https:\/\/promz.be\/fr\/wp-json\/wp\/v2\/product"}],"about":[{"href":"https:\/\/promz.be\/fr\/wp-json\/wp\/v2\/types\/product"}],"replies":[{"embeddable":true,"href":"https:\/\/promz.be\/fr\/wp-json\/wp\/v2\/comments?post=36620"}],"wp:featuredmedia":[{"embeddable":true,"href":"https:\/\/promz.be\/fr\/wp-json\/wp\/v2\/media\/36340"}],"wp:attachment":[{"href":"https:\/\/promz.be\/fr\/wp-json\/wp\/v2\/media?parent=36620"}],"wp:term":[{"taxonomy":"product_cat","embeddable":true,"href":"https:\/\/promz.be\/fr\/wp-json\/wp\/v2\/product_cat?post=36620"},{"taxonomy":"product_tag","embeddable":true,"href":"https:\/\/promz.be\/fr\/wp-json\/wp\/v2\/product_tag?post=36620"}],"curies":[{"name":"wp","href":"https:\/\/api.w.org\/{rel}","templated":true}]}}