{"id":36621,"date":"2022-01-19T07:32:55","date_gmt":"2022-01-19T06:32:55","guid":{"rendered":"https:\/\/promz.be\/product\/greenpan-featherweights-cocotte\/"},"modified":"2022-02-10T11:38:39","modified_gmt":"2022-02-10T10:38:39","slug":"greenpan-featherweights-cocotte","status":"publish","type":"product","link":"https:\/\/promz.be\/fr\/product\/greenpan-featherweights-cocotte\/","title":{"rendered":"GreenPan Featherweights Cocotte"},"content":{"rendered":"<p>Cette collection allie un design r\u00e9tro aux derni\u00e8res technologies.<\/p>\n<p>Notre collection C\u00e9leste est beaucoup plus l\u00e9g\u00e8re que la fonte gr\u00e2ce \u00e0 son corps en fonte d\u2019aluminium.<\/p>\n<p>Oubliez les casseroles et po\u00eales lourdes \u00e0 soulever.<br \/>\nPlusieurs tailles disponibles<\/p>\n","protected":false},"excerpt":{"rendered":"<p>Cette collection allie un design r\u00e9tro aux derni\u00e8res technologies.<\/p>\n<p>Notre collection C\u00e9leste est beaucoup plus l\u00e9g\u00e8re que la fonte gr\u00e2ce \u00e0 son corps en fonte d\u2019aluminium.<\/p>\n<p>Oubliez les casseroles et po\u00eales lourdes \u00e0 soulever.<br \/>\nPlusieurs tailles disponibles [&#8230;]<\/p>\n<p><a class=\"btn btn-secondary understrap-read-more-link\" href=\"https:\/\/promz.be\/fr\/product\/greenpan-featherweights-cocotte\/\">Lire la suite&#8230;<\/a><\/p>\n","protected":false},"featured_media":36332,"comment_status":"closed","ping_status":"closed","template":"","meta":[],"product_cat":[947,980,988,950,957],"product_tag":[],"_links":{"self":[{"href":"https:\/\/promz.be\/fr\/wp-json\/wp\/v2\/product\/36621"}],"collection":[{"href":"https:\/\/promz.be\/fr\/wp-json\/wp\/v2\/product"}],"about":[{"href":"https:\/\/promz.be\/fr\/wp-json\/wp\/v2\/types\/product"}],"replies":[{"embeddable":true,"href":"https:\/\/promz.be\/fr\/wp-json\/wp\/v2\/comments?post=36621"}],"wp:featuredmedia":[{"embeddable":true,"href":"https:\/\/promz.be\/fr\/wp-json\/wp\/v2\/media\/36332"}],"wp:attachment":[{"href":"https:\/\/promz.be\/fr\/wp-json\/wp\/v2\/media?parent=36621"}],"wp:term":[{"taxonomy":"product_cat","embeddable":true,"href":"https:\/\/promz.be\/fr\/wp-json\/wp\/v2\/product_cat?post=36621"},{"taxonomy":"product_tag","embeddable":true,"href":"https:\/\/promz.be\/fr\/wp-json\/wp\/v2\/product_tag?post=36621"}],"curies":[{"name":"wp","href":"https:\/\/api.w.org\/{rel}","templated":true}]}}