{"id":36622,"date":"2021-12-19T18:24:52","date_gmt":"2021-12-19T17:24:52","guid":{"rendered":"https:\/\/promz.be\/product\/greenpan-smart-shape-poele-a-frire\/"},"modified":"2022-02-10T11:42:50","modified_gmt":"2022-02-10T10:42:50","slug":"greenpan-smart-shape-poele-a-frire","status":"publish","type":"product","link":"https:\/\/promz.be\/fr\/product\/greenpan-smart-shape-poele-a-frire\/","title":{"rendered":"GreenPan Smart Shape Po\u00eale \u00e0 frire"},"content":{"rendered":"<p>Notre Collection Smart Shape est le h\u00e9ros compact de la cuisine pour tous les jours !<\/p>\n<p>Les po\u00eales sont empilables, ce qui vous permet de les ranger de mani\u00e8re compacte.<\/p>\n<p>Gr\u00e2ce \u00e0 l&#8217;int\u00e9rieur sans bords, la vaisselle est plus facile que jamais.<br \/>\nPlusieurs tailles disponibles.<br \/>\nLa collection Smart Shape dispose \u00e9galement d\u2019un wok, d\u2019une sauteuse, d&#8217;une marmite et d\u2019une po\u00eale \u00e0 gril dans la assortiment.<\/p>\n","protected":false},"excerpt":{"rendered":"<p>Notre Collection Smart Shape est le h\u00e9ros compact de la cuisine pour tous les jours !<\/p>\n<p>Les po\u00eales sont empilables, ce qui vous permet de les ranger de mani\u00e8re compacte.<\/p>\n<p>Gr\u00e2ce \u00e0 l&#8217;int\u00e9rieur sans bords, la vaisselle est plus facile que jamais.<br \/>\nPlusieurs tailles disponibles.<br \/>\nLa collection Smart Shape dispose \u00e9galement d\u2019un wok, d\u2019une sauteuse, d&#8217;une marmite et d\u2019une po\u00eale \u00e0 gril dans la assortiment. [&#8230;]<\/p>\n<p><a class=\"btn btn-secondary understrap-read-more-link\" href=\"https:\/\/promz.be\/fr\/product\/greenpan-smart-shape-poele-a-frire\/\">Lire la suite&#8230;<\/a><\/p>\n","protected":false},"featured_media":36348,"comment_status":"closed","ping_status":"closed","template":"","meta":[],"product_cat":[947,980,988,950,957],"product_tag":[],"_links":{"self":[{"href":"https:\/\/promz.be\/fr\/wp-json\/wp\/v2\/product\/36622"}],"collection":[{"href":"https:\/\/promz.be\/fr\/wp-json\/wp\/v2\/product"}],"about":[{"href":"https:\/\/promz.be\/fr\/wp-json\/wp\/v2\/types\/product"}],"replies":[{"embeddable":true,"href":"https:\/\/promz.be\/fr\/wp-json\/wp\/v2\/comments?post=36622"}],"wp:featuredmedia":[{"embeddable":true,"href":"https:\/\/promz.be\/fr\/wp-json\/wp\/v2\/media\/36348"}],"wp:attachment":[{"href":"https:\/\/promz.be\/fr\/wp-json\/wp\/v2\/media?parent=36622"}],"wp:term":[{"taxonomy":"product_cat","embeddable":true,"href":"https:\/\/promz.be\/fr\/wp-json\/wp\/v2\/product_cat?post=36622"},{"taxonomy":"product_tag","embeddable":true,"href":"https:\/\/promz.be\/fr\/wp-json\/wp\/v2\/product_tag?post=36622"}],"curies":[{"name":"wp","href":"https:\/\/api.w.org\/{rel}","templated":true}]}}