{"id":36623,"date":"2021-12-12T03:12:54","date_gmt":"2021-12-12T02:12:54","guid":{"rendered":"https:\/\/promz.be\/product\/greenpan-smart-shape-poele-gril\/"},"modified":"2022-02-10T11:44:25","modified_gmt":"2022-02-10T10:44:25","slug":"greenpan-smart-shape-poele-gril","status":"publish","type":"product","link":"https:\/\/promz.be\/fr\/product\/greenpan-smart-shape-poele-gril\/","title":{"rendered":"GreenPan Smart Shape Po\u00eale gril"},"content":{"rendered":"<p>Notre Collection Smart Shape est le h\u00e9ros compact de la cuisine pour tous les jours !<br \/>\nLes po\u00eales sont empilables, ce qui vous permet de les ranger de mani\u00e8re compacte.<br \/>\nGr\u00e2ce \u00e0 l&#8217;int\u00e9rieur sans bords, la vaisselle est plus facile que jamais.<br \/>\nPlusieurs tailles disponibles.<br \/>\nLa collection Smart Shape dispose \u00e9galement d\u2019un wok, d\u2019une sauteuse, d&#8217;une marmite et des po\u00eales \u00e0 frire dans la assortiment.<\/p>\n","protected":false},"excerpt":{"rendered":"<p>Notre Collection Smart Shape est le h\u00e9ros compact de la cuisine pour tous les jours ! Les po\u00eales sont empilables, ce qui vous permet de les ranger de mani\u00e8re compacte.<br \/>\nGr\u00e2ce \u00e0 l&#8217;int\u00e9rieur sans bords, la vaisselle est plus facile que jamais. Plusieurs tailles disponibles. La collection Smart Shape dispose \u00e9galement d\u2019un wok, d\u2019une sauteuse, d&#8217;une marmite et des po\u00eales \u00e0 frire dans la assortiment. [&#8230;]<\/p>\n<p><a class=\"btn btn-secondary understrap-read-more-link\" href=\"https:\/\/promz.be\/fr\/product\/greenpan-smart-shape-poele-gril\/\">Lire la suite&#8230;<\/a><\/p>\n","protected":false},"featured_media":36558,"comment_status":"closed","ping_status":"closed","template":"","meta":[],"product_cat":[947,980,988,950,957],"product_tag":[],"_links":{"self":[{"href":"https:\/\/promz.be\/fr\/wp-json\/wp\/v2\/product\/36623"}],"collection":[{"href":"https:\/\/promz.be\/fr\/wp-json\/wp\/v2\/product"}],"about":[{"href":"https:\/\/promz.be\/fr\/wp-json\/wp\/v2\/types\/product"}],"replies":[{"embeddable":true,"href":"https:\/\/promz.be\/fr\/wp-json\/wp\/v2\/comments?post=36623"}],"wp:featuredmedia":[{"embeddable":true,"href":"https:\/\/promz.be\/fr\/wp-json\/wp\/v2\/media\/36558"}],"wp:attachment":[{"href":"https:\/\/promz.be\/fr\/wp-json\/wp\/v2\/media?parent=36623"}],"wp:term":[{"taxonomy":"product_cat","embeddable":true,"href":"https:\/\/promz.be\/fr\/wp-json\/wp\/v2\/product_cat?post=36623"},{"taxonomy":"product_tag","embeddable":true,"href":"https:\/\/promz.be\/fr\/wp-json\/wp\/v2\/product_tag?post=36623"}],"curies":[{"name":"wp","href":"https:\/\/api.w.org\/{rel}","templated":true}]}}