{"id":36624,"date":"2021-10-29T16:03:42","date_gmt":"2021-10-29T14:03:42","guid":{"rendered":"https:\/\/promz.be\/product\/dagelijkse-kost-poele-sahan\/"},"modified":"2022-02-10T12:14:28","modified_gmt":"2022-02-10T11:14:28","slug":"dagelijkse-kost-poele-sahan","status":"publish","type":"product","link":"https:\/\/promz.be\/fr\/product\/dagelijkse-kost-poele-sahan\/","title":{"rendered":"Dagelijkse Kost Po\u00eale Sahan"},"content":{"rendered":"<p>Cette casserole Sahan est parfaite pour pr\u00e9parer et servir des plats \u00e0 une casserole avec un minimum de vaisselle! Dans des pays comme la Turquie, chaque famille en a une po\u00eale sahan.<br \/>\nLa po\u00eale Dagelijkse Kost Sahan est dot\u00e9e d&#8217;un rev\u00eatement antiadh\u00e9sif en c\u00e9ramique Thermolon \u2122, fabriqu\u00e9 avec des mat\u00e9riaux naturels. Avec cette sauteuse, vous n&#8217;avez jamais \u00e0 vous soucier de la lib\u00e9ration de substances nocives si vous la laissez surchauffer accidentellement. Le rev\u00eatement antiadh\u00e9sif chauffe \u00e9galement rapidement et uniform\u00e9ment pour des r\u00e9sultats de cuisson parfaits.<\/p>\n","protected":false},"excerpt":{"rendered":"<p>Cette casserole Sahan est parfaite pour pr\u00e9parer et servir des plats \u00e0 une casserole avec un minimum de vaisselle! Dans des pays comme la Turquie, chaque famille en a une po\u00eale sahan.<br \/>\nLa po\u00eale Dagelijkse Kost Sahan est dot\u00e9e d&#8217;un rev\u00eatement antiadh\u00e9sif en c\u00e9ramique Thermolon \u2122, fabriqu\u00e9 avec des mat\u00e9riaux naturels. Avec cette sauteuse, vous n&#8217;avez jamais \u00e0 vous soucier de la lib\u00e9ration de substances nocives si vous la laissez surchauffer accidentellement. Le rev\u00eatement antiadh\u00e9sif chauffe \u00e9galement rapidement et uniform\u00e9ment pour des r\u00e9sultats de cuisson parfaits. [&#8230;]<\/p>\n<p><a class=\"btn btn-secondary understrap-read-more-link\" href=\"https:\/\/promz.be\/fr\/product\/dagelijkse-kost-poele-sahan\/\">Lire la suite&#8230;<\/a><\/p>\n","protected":false},"featured_media":36524,"comment_status":"closed","ping_status":"closed","template":"","meta":[],"product_cat":[947,980,988,950,957],"product_tag":[],"_links":{"self":[{"href":"https:\/\/promz.be\/fr\/wp-json\/wp\/v2\/product\/36624"}],"collection":[{"href":"https:\/\/promz.be\/fr\/wp-json\/wp\/v2\/product"}],"about":[{"href":"https:\/\/promz.be\/fr\/wp-json\/wp\/v2\/types\/product"}],"replies":[{"embeddable":true,"href":"https:\/\/promz.be\/fr\/wp-json\/wp\/v2\/comments?post=36624"}],"wp:featuredmedia":[{"embeddable":true,"href":"https:\/\/promz.be\/fr\/wp-json\/wp\/v2\/media\/36524"}],"wp:attachment":[{"href":"https:\/\/promz.be\/fr\/wp-json\/wp\/v2\/media?parent=36624"}],"wp:term":[{"taxonomy":"product_cat","embeddable":true,"href":"https:\/\/promz.be\/fr\/wp-json\/wp\/v2\/product_cat?post=36624"},{"taxonomy":"product_tag","embeddable":true,"href":"https:\/\/promz.be\/fr\/wp-json\/wp\/v2\/product_tag?post=36624"}],"curies":[{"name":"wp","href":"https:\/\/api.w.org\/{rel}","templated":true}]}}