{"id":36625,"date":"2022-02-05T14:54:46","date_gmt":"2022-02-05T13:54:46","guid":{"rendered":"https:\/\/promz.be\/product\/dagelijkse-kost-poele-a-frire\/"},"modified":"2022-02-10T11:31:27","modified_gmt":"2022-02-10T10:31:27","slug":"dagelijkse-kost-poele-a-frire","status":"publish","type":"product","link":"https:\/\/promz.be\/fr\/product\/dagelijkse-kost-poele-a-frire\/","title":{"rendered":"Dagelijkse Kost Po\u00eale \u00e0 frire"},"content":{"rendered":"<p>Lorsque vous gagnez votre vie au quotidien, vous recherchez de bons ingr\u00e9dients. Mais choisissez-vous \u00e9galement la bonne po\u00eale ? En plus de la bonne taille, vous devez \u00e9galement rechercher le bon rev\u00eatement antiadh\u00e9sif exempt de substances toxiques. Avec les po\u00eales antiadh\u00e9sives en c\u00e9ramique de Dagaily Kost, l&#8217;un des programmes de cuisine les plus connus avec le chef Jeroen Meus, vous \u00eates dans le bon \u00e0 tous les niveaux.<br \/>\nCette po\u00eale convient \u00e0 la pr\u00e9paration de plusieurs portions de poisson ou de viande. La po\u00eale Daily Kost a un rev\u00eatement antiadh\u00e9sif ThermolonTM sp\u00e9cial exempt de substances toxiques. Le corps de la po\u00eale est en c\u00e9ramique, ce qui assure une r\u00e9partition uniforme de la chaleur.<br \/>\nDagelijkse Kost est l&#8217;un des les programmes de cuisineplus c\u00e9l\u00e8bres avec le cuisinier Jeroen Meus \u00e0 la t\u00e9l\u00e9vision belge . En tant que d\u00e9fenseur d&#8217;une cuisine saine et savoureuse, ces po\u00eales sont un compl\u00e9ment parfait \u00e0 vos ustensiles de cuisine. Durables, \u00e9conomes en \u00e9nergie et belles.<\/p>\n","protected":false},"excerpt":{"rendered":"<p>Lorsque vous gagnez votre vie au quotidien, vous recherchez de bons ingr\u00e9dients. Mais choisissez-vous \u00e9galement la bonne po\u00eale ? En plus de la bonne taille, vous devez \u00e9galement rechercher le bon rev\u00eatement antiadh\u00e9sif exempt de substances toxiques. Avec les po\u00eales antiadh\u00e9sives en c\u00e9ramique de Dagaily Kost, l&#8217;un des programmes de cuisine les plus connus avec le chef Jeroen Meus, vous \u00eates dans le bon \u00e0 tous les niveaux.<br \/>\nCette po\u00eale convient \u00e0 la pr\u00e9paration de plusieurs portions de poisson ou de viande. La po\u00eale Daily Kost a un rev\u00eatement antiadh\u00e9sif ThermolonTM sp\u00e9cial exempt de substances toxiques. Le corps de la po\u00eale est en c\u00e9ramique, ce qui assure une r\u00e9partition uniforme de la chaleur.<br \/>\nDagelijkse Kost est l&#8217;un des les programmes de cuisineplus c\u00e9l\u00e8bres avec le cuisinier Jeroen Meus \u00e0 la t\u00e9l\u00e9vision belge . En tant que d\u00e9fenseur d&#8217;une cuisine saine et savoureuse, ces po\u00eales sont un compl\u00e9ment parfait \u00e0 vos ustensiles de cuisine. Durables, \u00e9conomes en \u00e9nergie et belles. [&#8230;]<\/p>\n<p><a class=\"btn btn-secondary understrap-read-more-link\" href=\"https:\/\/promz.be\/fr\/product\/dagelijkse-kost-poele-a-frire\/\">Lire la suite&#8230;<\/a><\/p>\n","protected":false},"featured_media":36544,"comment_status":"closed","ping_status":"closed","template":"","meta":[],"product_cat":[947,980,988,950,957],"product_tag":[],"_links":{"self":[{"href":"https:\/\/promz.be\/fr\/wp-json\/wp\/v2\/product\/36625"}],"collection":[{"href":"https:\/\/promz.be\/fr\/wp-json\/wp\/v2\/product"}],"about":[{"href":"https:\/\/promz.be\/fr\/wp-json\/wp\/v2\/types\/product"}],"replies":[{"embeddable":true,"href":"https:\/\/promz.be\/fr\/wp-json\/wp\/v2\/comments?post=36625"}],"wp:featuredmedia":[{"embeddable":true,"href":"https:\/\/promz.be\/fr\/wp-json\/wp\/v2\/media\/36544"}],"wp:attachment":[{"href":"https:\/\/promz.be\/fr\/wp-json\/wp\/v2\/media?parent=36625"}],"wp:term":[{"taxonomy":"product_cat","embeddable":true,"href":"https:\/\/promz.be\/fr\/wp-json\/wp\/v2\/product_cat?post=36625"},{"taxonomy":"product_tag","embeddable":true,"href":"https:\/\/promz.be\/fr\/wp-json\/wp\/v2\/product_tag?post=36625"}],"curies":[{"name":"wp","href":"https:\/\/api.w.org\/{rel}","templated":true}]}}