{"id":36629,"date":"2021-10-22T14:17:37","date_gmt":"2021-10-22T12:17:37","guid":{"rendered":"https:\/\/promz.be\/product\/bk-indigo-coccotte\/"},"modified":"2022-02-10T10:57:38","modified_gmt":"2022-02-10T09:57:38","slug":"bk-indigo-coccotte","status":"publish","type":"product","link":"https:\/\/promz.be\/fr\/product\/bk-indigo-coccotte\/","title":{"rendered":"BK Indigo Coccotte"},"content":{"rendered":"<p>De l\u2019invention de la couche en \u00e9mail sur l\u2019acier battu en 1891 \u00e0 la premi\u00e8re cocotte en acier \u00e9maill\u00e9e en 1926,<br \/>\nextr\u00eamement durable et l\u00e9g\u00e8re \u00e0 la fois, appr\u00e9ci\u00e9e pour sa polyvalence et con\u00e7ue pour durer plusieurs g\u00e9n\u00e9ra tions : la cocotte originale de BK est devenue une v\u00e9ritable ic\u00f4ne culinaire. Disponible dans des couleurs vives,<br \/>\nelle attire tous les regards sur la cuisini\u00e8re ou \u00e0 table. Soyez authentique. Faites revivre l\u2019ic\u00f4ne. Disponible en diff\u00e9rentes couleurs et tailles.<\/p>\n<p>\u00a0<\/p>\n","protected":false},"excerpt":{"rendered":"<p>De l\u2019invention de la couche en \u00e9mail sur l\u2019acier battu en 1891 \u00e0 la premi\u00e8re cocotte en acier \u00e9maill\u00e9e en 1926,<br \/>\nextr\u00eamement durable et l\u00e9g\u00e8re \u00e0 la fois, appr\u00e9ci\u00e9e pour sa polyvalence et con\u00e7ue pour durer plusieurs g\u00e9n\u00e9ra tions : la cocotte originale de BK est devenue une v\u00e9ritable ic\u00f4ne culinaire. Disponible dans des couleurs vives,<br \/>\nelle attire tous les regards sur la cuisini\u00e8re ou \u00e0 table. Soyez authentique. Faites revivre l\u2019ic\u00f4ne. Disponible en diff\u00e9rentes couleurs et tailles. [&#8230;]<\/p>\n<p><a class=\"btn btn-secondary understrap-read-more-link\" href=\"https:\/\/promz.be\/fr\/product\/bk-indigo-coccotte\/\">Lire la suite&#8230;<\/a><\/p>\n","protected":false},"featured_media":36446,"comment_status":"closed","ping_status":"open","template":"","meta":[],"product_cat":[947,988,950,957,981],"product_tag":[],"_links":{"self":[{"href":"https:\/\/promz.be\/fr\/wp-json\/wp\/v2\/product\/36629"}],"collection":[{"href":"https:\/\/promz.be\/fr\/wp-json\/wp\/v2\/product"}],"about":[{"href":"https:\/\/promz.be\/fr\/wp-json\/wp\/v2\/types\/product"}],"replies":[{"embeddable":true,"href":"https:\/\/promz.be\/fr\/wp-json\/wp\/v2\/comments?post=36629"}],"wp:featuredmedia":[{"embeddable":true,"href":"https:\/\/promz.be\/fr\/wp-json\/wp\/v2\/media\/36446"}],"wp:attachment":[{"href":"https:\/\/promz.be\/fr\/wp-json\/wp\/v2\/media?parent=36629"}],"wp:term":[{"taxonomy":"product_cat","embeddable":true,"href":"https:\/\/promz.be\/fr\/wp-json\/wp\/v2\/product_cat?post=36629"},{"taxonomy":"product_tag","embeddable":true,"href":"https:\/\/promz.be\/fr\/wp-json\/wp\/v2\/product_tag?post=36629"}],"curies":[{"name":"wp","href":"https:\/\/api.w.org\/{rel}","templated":true}]}}