{"id":36632,"date":"2018-11-01T00:00:00","date_gmt":"2021-12-07T17:51:12","guid":{"rendered":"https:\/\/promz.be\/product\/bk-black-steel-wokarang\/"},"modified":"2022-02-10T11:45:20","modified_gmt":"2022-02-10T10:45:20","slug":"bk-black-steel-wokarang","status":"publish","type":"product","link":"https:\/\/promz.be\/fr\/product\/bk-black-steel-wokarang\/","title":{"rendered":"BK Black Steel Wokarang"},"content":{"rendered":"<p>chaude. Cette po\u00eale peut \u00eatre utilis\u00e9e sur toutes les sources de chaleur et m\u00eame sur le barbecue !<\/p>\n","protected":false},"excerpt":{"rendered":"<p>chaude. Cette po\u00eale peut \u00eatre utilis\u00e9e sur toutes les sources de chaleur et m\u00eame sur le barbecue ! [&#8230;]<\/p>\n<p><a class=\"btn btn-secondary understrap-read-more-link\" href=\"https:\/\/promz.be\/fr\/product\/bk-black-steel-wokarang\/\">Lire la suite&#8230;<\/a><\/p>\n","protected":false},"featured_media":31196,"comment_status":"closed","ping_status":"open","template":"","meta":[],"product_cat":[1014,952,980,966,957,954],"product_tag":[],"_links":{"self":[{"href":"https:\/\/promz.be\/fr\/wp-json\/wp\/v2\/product\/36632"}],"collection":[{"href":"https:\/\/promz.be\/fr\/wp-json\/wp\/v2\/product"}],"about":[{"href":"https:\/\/promz.be\/fr\/wp-json\/wp\/v2\/types\/product"}],"replies":[{"embeddable":true,"href":"https:\/\/promz.be\/fr\/wp-json\/wp\/v2\/comments?post=36632"}],"wp:featuredmedia":[{"embeddable":true,"href":"https:\/\/promz.be\/fr\/wp-json\/wp\/v2\/media\/31196"}],"wp:attachment":[{"href":"https:\/\/promz.be\/fr\/wp-json\/wp\/v2\/media?parent=36632"}],"wp:term":[{"taxonomy":"product_cat","embeddable":true,"href":"https:\/\/promz.be\/fr\/wp-json\/wp\/v2\/product_cat?post=36632"},{"taxonomy":"product_tag","embeddable":true,"href":"https:\/\/promz.be\/fr\/wp-json\/wp\/v2\/product_tag?post=36632"}],"curies":[{"name":"wp","href":"https:\/\/api.w.org\/{rel}","templated":true}]}}