{"id":36634,"date":"2018-08-31T00:00:00","date_gmt":"2022-02-09T06:38:08","guid":{"rendered":"https:\/\/promz.be\/product\/greenpan-essentials-poele-a-crepes\/"},"modified":"2022-02-10T11:22:11","modified_gmt":"2022-02-10T10:22:11","slug":"greenpan-essentials-poele-a-crepes","status":"publish","type":"product","link":"https:\/\/promz.be\/fr\/product\/greenpan-essentials-poele-a-crepes\/","title":{"rendered":"GreenPan Essentials Po\u00eale \u00e0 cr\u00eapes"},"content":{"rendered":"<p>La cr\u00eapi\u00e8re GreenPanTM a un corps robuste<br \/>\npour une diffusion rapide et uniforme de la<br \/>\nchaleur et des r\u00e9sultats de cuisson fiables.<br \/>\nLa technologie induction MagnetoTM permet une<br \/>\nmont\u00e9e en temp\u00e9rature rapide donc des \u00e9co nomies d\u2019\u00e9nergie, et ce sur tous types de feux.<br \/>\nLes bords anti-gouttes garantissent davantage<br \/>\nde propret\u00e9 et l\u2019ext\u00e9rieur facile \u00e0 nettoyer vous<br \/>\npermet de garder votre cr\u00eapi\u00e8re comme neuve.<br \/>\nDe plus, elle passe au lave-vaisselle. La poign\u00e9e<br \/>\nergonomique et isolante offre une prise en<br \/>\nmain confortable.<br \/>\nLa cr\u00eapi\u00e8re est dot\u00e9e du rev\u00eatement ThermolonTM<br \/>\nInfinity, le meilleur rev\u00eatement en c\u00e9ramique<br \/>\nThermolonTM sain et antiadh\u00e9sif \u00e0 ce jour.<br \/>\nRenforc\u00e9 de diamant, Infinity est extr\u00eamement<br \/>\nr\u00e9sistant et permet l\u2019utilisation d\u2019ustensiles m\u00e9 talliques. Con\u00e7ue pour une utilisation quoti dienne, cette cr\u00eapi\u00e8re est parfaite tant pour<br \/>\nle petit-d\u00e9jeuner que pour le go\u00fbter des plus<br \/>\ngourmands! D\u00e9couvrez la diff\u00e9rence avec<br \/>\nGreenPanTM.<\/p>\n","protected":false},"excerpt":{"rendered":"<p>La cr\u00eapi\u00e8re GreenPanTM a un corps robuste pour une diffusion rapide et uniforme de la chaleur et des r\u00e9sultats de cuisson fiables. La technologie induction MagnetoTM permet une mont\u00e9e en temp\u00e9rature rapide donc des \u00e9co nomies d\u2019\u00e9nergie, et ce sur tous types de feux. Les bords anti-gouttes garantissent davantage de propret\u00e9 et l\u2019ext\u00e9rieur facile \u00e0 nettoyer vous permet de garder votre cr\u00eapi\u00e8re comme neuve. De plus, elle passe au lave-vaisselle. La poign\u00e9e ergonomique et isolante offre une prise en main confortable. La cr\u00eapi\u00e8re est dot\u00e9e du rev\u00eatement ThermolonTM Infinity, le meilleur rev\u00eatement en c\u00e9ramique ThermolonTM sain et antiadh\u00e9sif \u00e0 ce jour. Renforc\u00e9 de diamant, Infinity est extr\u00eamement r\u00e9sistant et permet l\u2019utilisation d\u2019ustensiles m\u00e9 talliques. Con\u00e7ue pour une utilisation quoti dienne, cette cr\u00eapi\u00e8re est parfaite tant pour le petit-d\u00e9jeuner que pour le go\u00fbter des plus gourmands! D\u00e9couvrez la diff\u00e9rence avec GreenPanTM. [&#8230;]<\/p>\n<p><a class=\"btn btn-secondary understrap-read-more-link\" href=\"https:\/\/promz.be\/fr\/product\/greenpan-essentials-poele-a-crepes\/\">Lire la suite&#8230;<\/a><\/p>\n","protected":false},"featured_media":31194,"comment_status":"closed","ping_status":"open","template":"","meta":[],"product_cat":[1014,947,1023,969,953,954],"product_tag":[],"_links":{"self":[{"href":"https:\/\/promz.be\/fr\/wp-json\/wp\/v2\/product\/36634"}],"collection":[{"href":"https:\/\/promz.be\/fr\/wp-json\/wp\/v2\/product"}],"about":[{"href":"https:\/\/promz.be\/fr\/wp-json\/wp\/v2\/types\/product"}],"replies":[{"embeddable":true,"href":"https:\/\/promz.be\/fr\/wp-json\/wp\/v2\/comments?post=36634"}],"wp:featuredmedia":[{"embeddable":true,"href":"https:\/\/promz.be\/fr\/wp-json\/wp\/v2\/media\/31194"}],"wp:attachment":[{"href":"https:\/\/promz.be\/fr\/wp-json\/wp\/v2\/media?parent=36634"}],"wp:term":[{"taxonomy":"product_cat","embeddable":true,"href":"https:\/\/promz.be\/fr\/wp-json\/wp\/v2\/product_cat?post=36634"},{"taxonomy":"product_tag","embeddable":true,"href":"https:\/\/promz.be\/fr\/wp-json\/wp\/v2\/product_tag?post=36634"}],"curies":[{"name":"wp","href":"https:\/\/api.w.org\/{rel}","templated":true}]}}