{"id":36668,"date":"2022-01-17T08:09:35","date_gmt":"2022-01-17T07:09:35","guid":{"rendered":"https:\/\/promz.be\/product\/kitchenaid-saladier-avec-couverts\/"},"modified":"2022-02-14T11:55:13","modified_gmt":"2022-02-14T10:55:13","slug":"kitchenaid-saladier-avec-couverts","status":"publish","type":"product","link":"https:\/\/promz.be\/fr\/product\/kitchenaid-saladier-avec-couverts\/","title":{"rendered":"KitchenAid Saladier avec couverts"},"content":{"rendered":"<p>KitchenAid est une grande marque am\u00e9ricaine et la marque de robots p\u00e2tissiers la plus vendue au monde, son produit le plus embl\u00e9matique. KitchenAid a lanc\u00e9 plusieurs collections de cuisine. Des ustensiles de cuisine aux ustensiles de cuisson et aux couteaux de cuisine. Tout ce dont vous avez besoin pour vous accompagner dans la pr\u00e9paration de vos plats. Les produits sont con\u00e7us pour \u00eatre performants et durables, de sorte qu&#8217;en tant que cuisinier, vous pouvez sans crainte essayer une nouvelle recette ou ajouter de nouvelles choses \u00e0 des repas d\u00e9licieux.<\/p>\n","protected":false},"excerpt":{"rendered":"<p>KitchenAid est une grande marque am\u00e9ricaine et la marque de robots p\u00e2tissiers la plus vendue au monde, son produit le plus embl\u00e9matique. KitchenAid a lanc\u00e9 plusieurs collections de cuisine. Des ustensiles de cuisine aux ustensiles de cuisson et aux couteaux de cuisine. Tout ce dont vous avez besoin pour vous accompagner dans la pr\u00e9paration de vos plats. Les produits sont con\u00e7us pour \u00eatre performants et durables, de sorte qu&#8217;en tant que cuisinier, vous pouvez sans crainte essayer une nouvelle recette ou ajouter de nouvelles choses \u00e0 des repas d\u00e9licieux. [&#8230;]<\/p>\n<p><a class=\"btn btn-secondary understrap-read-more-link\" href=\"https:\/\/promz.be\/fr\/product\/kitchenaid-saladier-avec-couverts\/\">Lire la suite&#8230;<\/a><\/p>\n","protected":false},"featured_media":36666,"comment_status":"closed","ping_status":"closed","template":"","meta":[],"product_cat":[947,984,988,950],"product_tag":[],"_links":{"self":[{"href":"https:\/\/promz.be\/fr\/wp-json\/wp\/v2\/product\/36668"}],"collection":[{"href":"https:\/\/promz.be\/fr\/wp-json\/wp\/v2\/product"}],"about":[{"href":"https:\/\/promz.be\/fr\/wp-json\/wp\/v2\/types\/product"}],"replies":[{"embeddable":true,"href":"https:\/\/promz.be\/fr\/wp-json\/wp\/v2\/comments?post=36668"}],"wp:featuredmedia":[{"embeddable":true,"href":"https:\/\/promz.be\/fr\/wp-json\/wp\/v2\/media\/36666"}],"wp:attachment":[{"href":"https:\/\/promz.be\/fr\/wp-json\/wp\/v2\/media?parent=36668"}],"wp:term":[{"taxonomy":"product_cat","embeddable":true,"href":"https:\/\/promz.be\/fr\/wp-json\/wp\/v2\/product_cat?post=36668"},{"taxonomy":"product_tag","embeddable":true,"href":"https:\/\/promz.be\/fr\/wp-json\/wp\/v2\/product_tag?post=36668"}],"curies":[{"name":"wp","href":"https:\/\/api.w.org\/{rel}","templated":true}]}}