{"id":37866,"date":"2022-06-22T14:13:58","date_gmt":"2022-06-22T12:28:18","guid":{"rendered":"https:\/\/promz.be\/?post_type=product&#038;p=37866"},"modified":"2022-06-22T14:28:18","modified_gmt":"2022-06-22T12:28:18","slug":"loungewear","status":"publish","type":"product","link":"https:\/\/promz.be\/fr\/product\/loungewear\/","title":{"rendered":"Loungewear"},"content":{"rendered":"<p>Le tissu doux du coton biologique et les designs d\u00e9contract\u00e9s donnent \u00e0 cette collection de v\u00eatements de d\u00e9tente l&#8217;\u00e9quilibre parfait.<br \/>\nChez Bosscher, nous avons plusieurs options de personnalisation pour le pantalon et le pull, pensez \u00e0 une capuche suppl\u00e9mentaire, des poches, une fermeture \u00e9clair ou des cordons de couleur. D&#8217;innombrables options pour le rendre aussi confortable que possible pour le porteur.<\/p>\n<h2>Personnalisation avec logo ou identit\u00e9 d&#8217;entreprise<\/h2>\n<p>Le plus important dans un pantalon de surv\u00eatement ou un sweat \u00e0 capuche sportif, c&#8217;est que vous puissiez bouger confortablement, qu&#8217;il ne soit pas trop serr\u00e9 et, bien s\u00fbr, qu&#8217;il soit \u00e9l\u00e9gant. Nous avons plusieurs options pour le look. Par exemple, un maillot peut \u00eatre \u00e9quip\u00e9 d&#8217;une capuche, de poches et de cordons de diff\u00e9rentes couleurs. Bien entendu, vous pouvez \u00e9galement opter pour une version de base. Chez Bosscher International, nous misons sur la qualit\u00e9, c&#8217;est pourquoi nous fabriquons nos v\u00eatements de sport avec au moins 95 % de coton biologique. Vous pouvez \u00e9galement ajouter votre propre logo ou texte aux combinaisons.<\/p>\n<p><strong>W:\u00a0<a href=\"https:\/\/bosscher-international.com\/\" target=\"_blank\" rel=\"noopener\">www.bosscher-international.com<\/a>\u00a0<\/strong><br \/>\n<strong>M:\u00a0<a href=\"mailto:info@bosscher-international.com\">info@bosscher-international.com<\/a>\u00a0<\/strong><br \/>\n<strong>T: \u00a0<a href=\"tel:+31102651168\">+31 (0)10 \u2013 265 11 68<\/a><\/strong><\/p>\n","protected":false},"excerpt":{"rendered":"<p>Le tissu doux du coton biologique et les designs d\u00e9contract\u00e9s donnent \u00e0 cette collection de v\u00eatements de d\u00e9tente l&#8217;\u00e9quilibre parfait.<br \/>\nChez Bosscher, nous avons plusieurs options de personnalisation pour le pantalon et le pull, pensez \u00e0 une capuche suppl\u00e9mentaire, des poches, une fermeture \u00e9clair ou des cordons de couleur. D&#8217;innombrables options pour le rendre aussi confortable que possible pour le porteur.<\/p>\n<h2>Personnalisation avec logo ou identit\u00e9 d&#8217;entreprise<\/h2>\n<p>Le plus important dans un pantalon de surv\u00eatement ou un sweat \u00e0 capuche sportif, c&#8217;est que vous puissiez bouger confortablement, qu&#8217;il ne soit pas trop serr\u00e9 et, bien s\u00fbr, qu&#8217;il soit \u00e9l\u00e9gant. Nous avons plusieurs options pour le look. Par exemple, un maillot peut \u00eatre \u00e9quip\u00e9 d&#8217;une capuche, de poches et de cordons de diff\u00e9rentes couleurs. Bien entendu, vous pouvez \u00e9galement opter pour une version de base. Chez Bosscher International, nous misons sur la qualit\u00e9, c&#8217;est pourquoi nous fabriquons nos v\u00eatements de sport avec au moins 95 % de coton biologique. Vous pouvez \u00e9galement ajouter votre propre logo ou texte aux combinaisons.<\/p>\n<p><strong>W:\u00a0<a href=\"https:\/\/bosscher-international.com\/\" target=\"_blank\" rel=\"noopener\">www.bosscher-international.com<\/a>\u00a0<\/strong><br \/>\n<strong>M:\u00a0<a href=\"mailto:info@bosscher-international.com\">info@bosscher-international.com<\/a>\u00a0<\/strong><br \/>\n<strong>T: \u00a0<a href=\"tel:+31102651168\">+31 (0)10 \u2013 265 11 68<\/a><\/strong> [&#8230;]<\/p>\n<p><a class=\"btn btn-secondary understrap-read-more-link\" href=\"https:\/\/promz.be\/fr\/product\/loungewear\/\">Lire la suite&#8230;<\/a><\/p>\n","protected":false},"featured_media":37864,"comment_status":"open","ping_status":"closed","template":"","meta":[],"product_cat":[957,1001,1024],"product_tag":[],"_links":{"self":[{"href":"https:\/\/promz.be\/fr\/wp-json\/wp\/v2\/product\/37866"}],"collection":[{"href":"https:\/\/promz.be\/fr\/wp-json\/wp\/v2\/product"}],"about":[{"href":"https:\/\/promz.be\/fr\/wp-json\/wp\/v2\/types\/product"}],"replies":[{"embeddable":true,"href":"https:\/\/promz.be\/fr\/wp-json\/wp\/v2\/comments?post=37866"}],"wp:featuredmedia":[{"embeddable":true,"href":"https:\/\/promz.be\/fr\/wp-json\/wp\/v2\/media\/37864"}],"wp:attachment":[{"href":"https:\/\/promz.be\/fr\/wp-json\/wp\/v2\/media?parent=37866"}],"wp:term":[{"taxonomy":"product_cat","embeddable":true,"href":"https:\/\/promz.be\/fr\/wp-json\/wp\/v2\/product_cat?post=37866"},{"taxonomy":"product_tag","embeddable":true,"href":"https:\/\/promz.be\/fr\/wp-json\/wp\/v2\/product_tag?post=37866"}],"curies":[{"name":"wp","href":"https:\/\/api.w.org\/{rel}","templated":true}]}}