{"id":37918,"date":"2022-06-27T16:06:50","date_gmt":"2022-06-27T14:31:18","guid":{"rendered":"https:\/\/promz.be\/?post_type=product&#038;p=37918"},"modified":"2022-06-27T16:31:19","modified_gmt":"2022-06-27T14:31:19","slug":"cadeaux-de-fin-dannee-de-de-witte-lietaer","status":"publish","type":"product","link":"https:\/\/promz.be\/fr\/product\/cadeaux-de-fin-dannee-de-de-witte-lietaer\/","title":{"rendered":"Cadeaux de fin d&#8217;ann\u00e9e de De Witte Lietaer"},"content":{"rendered":"<p>Commandez \u00e0 temps le parfait cadeau de fin d&#8217;ann\u00e9e pour vos employ\u00e9s et clients. Gr\u00e2ce \u00e0 ce plaid poncho le home-office sera vraiment agr\u00e9able!<\/p>\n<p><strong>Contactez <a href=\"http:\/\/www.dwl.be\/nl\/home-90.htm\" target=\"_blank\" rel=\"noopener\">De Witte Lietaer<\/a> pour tous vos cadeaux professionnels et textiles promotionnels.<\/strong><\/p>\n","protected":false},"excerpt":{"rendered":"<p>Commandez \u00e0 temps le parfait cadeau de fin d&#8217;ann\u00e9e pour vos employ\u00e9s et clients. Gr\u00e2ce \u00e0 ce plaid poncho le home-office sera vraiment agr\u00e9able!<\/p>\n<p><strong>Contactez <a href=\"http:\/\/www.dwl.be\/nl\/home-90.htm\" target=\"_blank\" rel=\"noopener\">De Witte Lietaer<\/a> pour tous vos cadeaux professionnels et textiles promotionnels.<\/strong> [&#8230;]<\/p>\n<p><a class=\"btn btn-secondary understrap-read-more-link\" href=\"https:\/\/promz.be\/fr\/product\/cadeaux-de-fin-dannee-de-de-witte-lietaer\/\">Lire la suite&#8230;<\/a><\/p>\n","protected":false},"featured_media":37911,"comment_status":"open","ping_status":"closed","template":"","meta":[],"product_cat":[1014,991,949,963],"product_tag":[],"_links":{"self":[{"href":"https:\/\/promz.be\/fr\/wp-json\/wp\/v2\/product\/37918"}],"collection":[{"href":"https:\/\/promz.be\/fr\/wp-json\/wp\/v2\/product"}],"about":[{"href":"https:\/\/promz.be\/fr\/wp-json\/wp\/v2\/types\/product"}],"replies":[{"embeddable":true,"href":"https:\/\/promz.be\/fr\/wp-json\/wp\/v2\/comments?post=37918"}],"wp:featuredmedia":[{"embeddable":true,"href":"https:\/\/promz.be\/fr\/wp-json\/wp\/v2\/media\/37911"}],"wp:attachment":[{"href":"https:\/\/promz.be\/fr\/wp-json\/wp\/v2\/media?parent=37918"}],"wp:term":[{"taxonomy":"product_cat","embeddable":true,"href":"https:\/\/promz.be\/fr\/wp-json\/wp\/v2\/product_cat?post=37918"},{"taxonomy":"product_tag","embeddable":true,"href":"https:\/\/promz.be\/fr\/wp-json\/wp\/v2\/product_tag?post=37918"}],"curies":[{"name":"wp","href":"https:\/\/api.w.org\/{rel}","templated":true}]}}