{"id":45480,"date":"2022-03-16T08:35:29","date_gmt":"2022-03-16T07:35:29","guid":{"rendered":"https:\/\/promz.be\/product\/ours-bodo\/"},"modified":"2024-11-14T15:27:10","modified_gmt":"2024-11-14T14:27:10","slug":"ours-bodo","status":"publish","type":"product","link":"https:\/\/promz.be\/fr\/product\/ours-bodo\/","title":{"rendered":"Ours Bodo"},"content":{"rendered":"<p>Ours en peluche Bodo &#8211; peluche curly moelleuse et yeux fid\u00e8les, avec certificat T\u00dcV !<\/p>\n<p>S&#8217;il vous pla\u00eet, l&#8217;ours &#8211; l&#8217;ours Bodo ! L&#8217;ours en peluche Bodo est tr\u00e8s grand et convainc particuli\u00e8rement par ses qualit\u00e9s int\u00e9rieures. Il a \u00e9t\u00e9 test\u00e9 sous toutes les coutures par le T\u00dcV Rheinland et peut fi\u00e8rement arborer le label T\u00dcV. Son sourire amical, ses yeux en boutons fid\u00e8les et sa fourrure boucl\u00e9e et douillette sont tout simplement irr\u00e9sistibles.<\/p>\n<p>Accessoires personnalisables<br \/>\ncomme un mini-T-shirt, un foulard triangulaire ou une \u00e9charpe, il devient un<br \/>\ncadeau publicitaire original et personnalisable.<\/p>\n<p>\u00a0<\/p>\n","protected":false},"excerpt":{"rendered":"<p>Ours en peluche Bodo &#8211; peluche curly moelleuse et yeux fid\u00e8les, avec certificat T\u00dcV !<\/p>\n<p>S&#8217;il vous pla\u00eet, l&#8217;ours &#8211; l&#8217;ours Bodo ! L&#8217;ours en peluche Bodo est tr\u00e8s grand et convainc particuli\u00e8rement par ses qualit\u00e9s int\u00e9rieures. Il a \u00e9t\u00e9 test\u00e9 sous toutes les coutures par le T\u00dcV Rheinland et peut fi\u00e8rement arborer le label T\u00dcV. Son sourire amical, ses yeux en boutons fid\u00e8les et sa fourrure boucl\u00e9e et douillette sont tout simplement irr\u00e9sistibles.<\/p>\n<p>Accessoires personnalisables<br \/>\ncomme un mini-T-shirt, un foulard triangulaire ou une \u00e9charpe, il devient un<br \/>\ncadeau publicitaire original et personnalisable. [&#8230;]<\/p>\n<p><a class=\"btn btn-secondary understrap-read-more-link\" href=\"https:\/\/promz.be\/fr\/product\/ours-bodo\/\">Lire la suite&#8230;<\/a><\/p>\n","protected":false},"featured_media":45246,"comment_status":"closed","ping_status":"open","template":"","meta":[],"product_cat":[9069],"product_tag":[],"_links":{"self":[{"href":"https:\/\/promz.be\/fr\/wp-json\/wp\/v2\/product\/45480"}],"collection":[{"href":"https:\/\/promz.be\/fr\/wp-json\/wp\/v2\/product"}],"about":[{"href":"https:\/\/promz.be\/fr\/wp-json\/wp\/v2\/types\/product"}],"replies":[{"embeddable":true,"href":"https:\/\/promz.be\/fr\/wp-json\/wp\/v2\/comments?post=45480"}],"wp:featuredmedia":[{"embeddable":true,"href":"https:\/\/promz.be\/fr\/wp-json\/wp\/v2\/media\/45246"}],"wp:attachment":[{"href":"https:\/\/promz.be\/fr\/wp-json\/wp\/v2\/media?parent=45480"}],"wp:term":[{"taxonomy":"product_cat","embeddable":true,"href":"https:\/\/promz.be\/fr\/wp-json\/wp\/v2\/product_cat?post=45480"},{"taxonomy":"product_tag","embeddable":true,"href":"https:\/\/promz.be\/fr\/wp-json\/wp\/v2\/product_tag?post=45480"}],"curies":[{"name":"wp","href":"https:\/\/api.w.org\/{rel}","templated":true}]}}