{"id":45481,"date":"2024-06-25T11:24:13","date_gmt":"2024-06-25T09:24:13","guid":{"rendered":"https:\/\/promz.be\/product\/ours-moritz\/"},"modified":"2024-11-14T15:27:12","modified_gmt":"2024-11-14T14:27:12","slug":"ours-moritz","status":"publish","type":"product","link":"https:\/\/promz.be\/fr\/product\/ours-moritz\/","title":{"rendered":"Ours Moritz"},"content":{"rendered":"<p>L&#8217;ours en peluche est fabriqu\u00e9 en peluche super douce &#8211; petit mais costaud !<\/p>\n<p>Cet adorable ourson conquiert les c\u0153urs en un clin d&#8217;\u0153il. Son joli nez en forme de c\u0153ur et ses yeux vifs conf\u00e8rent \u00e0 notre ours une apparence \u00e9veill\u00e9e. Le petit ourson en peluche convainc par sa douceur exceptionnelle.<\/p>\n<p>Accessoires personnalisables<br \/>\ncomme un mini-T-shirt, un foulard triangulaire ou une \u00e9charpe, il devient un<br \/>\ncadeau publicitaire original et personnalisable.<\/p>\n<p>\u00a0<\/p>\n","protected":false},"excerpt":{"rendered":"<p>L&#8217;ours en peluche est fabriqu\u00e9 en peluche super douce &#8211; petit mais costaud !<\/p>\n<p>Cet adorable ourson conquiert les c\u0153urs en un clin d&#8217;\u0153il. Son joli nez en forme de c\u0153ur et ses yeux vifs conf\u00e8rent \u00e0 notre ours une apparence \u00e9veill\u00e9e. Le petit ourson en peluche convainc par sa douceur exceptionnelle.<\/p>\n<p>Accessoires personnalisables<br \/>\ncomme un mini-T-shirt, un foulard triangulaire ou une \u00e9charpe, il devient un<br \/>\ncadeau publicitaire original et personnalisable. [&#8230;]<\/p>\n<p><a class=\"btn btn-secondary understrap-read-more-link\" href=\"https:\/\/promz.be\/fr\/product\/ours-moritz\/\">Lire la suite&#8230;<\/a><\/p>\n","protected":false},"featured_media":45252,"comment_status":"closed","ping_status":"open","template":"","meta":[],"product_cat":[9069],"product_tag":[],"_links":{"self":[{"href":"https:\/\/promz.be\/fr\/wp-json\/wp\/v2\/product\/45481"}],"collection":[{"href":"https:\/\/promz.be\/fr\/wp-json\/wp\/v2\/product"}],"about":[{"href":"https:\/\/promz.be\/fr\/wp-json\/wp\/v2\/types\/product"}],"replies":[{"embeddable":true,"href":"https:\/\/promz.be\/fr\/wp-json\/wp\/v2\/comments?post=45481"}],"wp:featuredmedia":[{"embeddable":true,"href":"https:\/\/promz.be\/fr\/wp-json\/wp\/v2\/media\/45252"}],"wp:attachment":[{"href":"https:\/\/promz.be\/fr\/wp-json\/wp\/v2\/media?parent=45481"}],"wp:term":[{"taxonomy":"product_cat","embeddable":true,"href":"https:\/\/promz.be\/fr\/wp-json\/wp\/v2\/product_cat?post=45481"},{"taxonomy":"product_tag","embeddable":true,"href":"https:\/\/promz.be\/fr\/wp-json\/wp\/v2\/product_tag?post=45481"}],"curies":[{"name":"wp","href":"https:\/\/api.w.org\/{rel}","templated":true}]}}