{"id":45482,"date":"2021-09-03T14:43:43","date_gmt":"2021-09-03T12:43:43","guid":{"rendered":"https:\/\/promz.be\/product\/recyclelapin\/"},"modified":"2024-11-14T15:27:13","modified_gmt":"2024-11-14T14:27:13","slug":"recyclelapin","status":"publish","type":"product","link":"https:\/\/promz.be\/fr\/product\/recyclelapin\/","title":{"rendered":"RecycleLapin"},"content":{"rendered":"<p>Recyclable Likeable : un lapin RecycelHase tout doux, fabriqu\u00e9 \u00e0 partir de bouteilles en PET utilis\u00e9es et recycl\u00e9es.<\/p>\n<p>Il s&#8217;appelle Hase &#8211; RecycelHase et il sait de quoi il retourne ! Son apparence, son toucher et ses valeurs int\u00e9rieures enthousiasment durablement. Le lapin en peluche super doux est fabriqu\u00e9 \u00e0 partir de bouteilles en plastique utilis\u00e9es et recycl\u00e9es. Les yeux et le nez du lapin sont brod\u00e9s, il n&#8217;y a donc pas de pi\u00e8ces en plastique suppl\u00e9mentaires. Selon la taille de l&#8217;article, environ 4 \u00e0 6 bouteilles PET (500 ml) sont utilis\u00e9es pour la fabrication du mat\u00e9riau. Ainsi, chaque lapin apporte une pr\u00e9cieuse contribution \u00e0 l&#8217;environnement.<\/p>\n<p>Avec un logo<br \/>\nou un slogan sur le drapeau publicitaire ou des accessoires personnalisables<br \/>\ncomme un mini-T-shirt, un foulard triangulaire ou une \u00e9charpe, il devient un<br \/>\ncadeau publicitaire original et personnalisable.<\/p>\n<p>\u00a0<\/p>\n","protected":false},"excerpt":{"rendered":"<p>Recyclable Likeable : un lapin RecycelHase tout doux, fabriqu\u00e9 \u00e0 partir de bouteilles en PET utilis\u00e9es et recycl\u00e9es.<\/p>\n<p>Il s&#8217;appelle Hase &#8211; RecycelHase et il sait de quoi il retourne ! Son apparence, son toucher et ses valeurs int\u00e9rieures enthousiasment durablement. Le lapin en peluche super doux est fabriqu\u00e9 \u00e0 partir de bouteilles en plastique utilis\u00e9es et recycl\u00e9es. Les yeux et le nez du lapin sont brod\u00e9s, il n&#8217;y a donc pas de pi\u00e8ces en plastique suppl\u00e9mentaires. Selon la taille de l&#8217;article, environ 4 \u00e0 6 bouteilles PET (500 ml) sont utilis\u00e9es pour la fabrication du mat\u00e9riau. Ainsi, chaque lapin apporte une pr\u00e9cieuse contribution \u00e0 l&#8217;environnement.<\/p>\n<p>Avec un logo<br \/>\nou un slogan sur le drapeau publicitaire ou des accessoires personnalisables<br \/>\ncomme un mini-T-shirt, un foulard triangulaire ou une \u00e9charpe, il devient un<br \/>\ncadeau publicitaire original et personnalisable. [&#8230;]<\/p>\n<p><a class=\"btn btn-secondary understrap-read-more-link\" href=\"https:\/\/promz.be\/fr\/product\/recyclelapin\/\">Lire la suite&#8230;<\/a><\/p>\n","protected":false},"featured_media":45262,"comment_status":"closed","ping_status":"open","template":"","meta":[],"product_cat":[980,957,1022,953,992],"product_tag":[],"_links":{"self":[{"href":"https:\/\/promz.be\/fr\/wp-json\/wp\/v2\/product\/45482"}],"collection":[{"href":"https:\/\/promz.be\/fr\/wp-json\/wp\/v2\/product"}],"about":[{"href":"https:\/\/promz.be\/fr\/wp-json\/wp\/v2\/types\/product"}],"replies":[{"embeddable":true,"href":"https:\/\/promz.be\/fr\/wp-json\/wp\/v2\/comments?post=45482"}],"wp:featuredmedia":[{"embeddable":true,"href":"https:\/\/promz.be\/fr\/wp-json\/wp\/v2\/media\/45262"}],"wp:attachment":[{"href":"https:\/\/promz.be\/fr\/wp-json\/wp\/v2\/media?parent=45482"}],"wp:term":[{"taxonomy":"product_cat","embeddable":true,"href":"https:\/\/promz.be\/fr\/wp-json\/wp\/v2\/product_cat?post=45482"},{"taxonomy":"product_tag","embeddable":true,"href":"https:\/\/promz.be\/fr\/wp-json\/wp\/v2\/product_tag?post=45482"}],"curies":[{"name":"wp","href":"https:\/\/api.w.org\/{rel}","templated":true}]}}