{"id":45485,"date":"2022-07-10T22:56:49","date_gmt":"2022-07-10T20:56:49","guid":{"rendered":"https:\/\/promz.be\/product\/schmoozies-fleur\/"},"modified":"2024-11-14T15:27:17","modified_gmt":"2024-11-14T14:27:17","slug":"schmoozies-fleur","status":"publish","type":"product","link":"https:\/\/promz.be\/fr\/product\/schmoozies-fleur\/","title":{"rendered":"Schmoozies\u00ae Fleur"},"content":{"rendered":"<p>Schmoozies\u00ae Fleur, parfait pour nettoyer les \u00e9crans de t\u00e9l\u00e9phones portables et de tablettes, dessous en microfibre<\/p>\n<p>Avec leur diam\u00e8tre de 7 cm, les petits Schmoozies\u00ae tout doux de notre s\u00e9rie MiniFeet\u00ae tiennent parfaitement dans la main. Mais ces doudous en peluche peuvent faire bien plus que d&#8217;\u00eatre mignons : Avec un dessous en microfibre, ils sont parfaits pour nettoyer les surfaces lisses, comme les \u00e9crans de t\u00e9l\u00e9phone portable ou les \u00e9crans, et ils sont \u00e9galement parfaits pour les c\u00e2lins et les mamours. Le marquage publicitaire est r\u00e9alis\u00e9 sur un petit drapeau fix\u00e9 sur la face inf\u00e9rieure du produit.<\/p>\n<p>\u00a0<\/p>\n","protected":false},"excerpt":{"rendered":"<p>Schmoozies\u00ae Fleur, parfait pour nettoyer les \u00e9crans de t\u00e9l\u00e9phones portables et de tablettes, dessous en microfibre<\/p>\n<p>Avec leur diam\u00e8tre de 7 cm, les petits Schmoozies\u00ae tout doux de notre s\u00e9rie MiniFeet\u00ae tiennent parfaitement dans la main. Mais ces doudous en peluche peuvent faire bien plus que d&#8217;\u00eatre mignons : Avec un dessous en microfibre, ils sont parfaits pour nettoyer les surfaces lisses, comme les \u00e9crans de t\u00e9l\u00e9phone portable ou les \u00e9crans, et ils sont \u00e9galement parfaits pour les c\u00e2lins et les mamours. Le marquage publicitaire est r\u00e9alis\u00e9 sur un petit drapeau fix\u00e9 sur la face inf\u00e9rieure du produit. [&#8230;]<\/p>\n<p><a class=\"btn btn-secondary understrap-read-more-link\" href=\"https:\/\/promz.be\/fr\/product\/schmoozies-fleur\/\">Lire la suite&#8230;<\/a><\/p>\n","protected":false},"featured_media":45276,"comment_status":"closed","ping_status":"open","template":"","meta":[],"product_cat":[974,951,957,971,992],"product_tag":[],"_links":{"self":[{"href":"https:\/\/promz.be\/fr\/wp-json\/wp\/v2\/product\/45485"}],"collection":[{"href":"https:\/\/promz.be\/fr\/wp-json\/wp\/v2\/product"}],"about":[{"href":"https:\/\/promz.be\/fr\/wp-json\/wp\/v2\/types\/product"}],"replies":[{"embeddable":true,"href":"https:\/\/promz.be\/fr\/wp-json\/wp\/v2\/comments?post=45485"}],"wp:featuredmedia":[{"embeddable":true,"href":"https:\/\/promz.be\/fr\/wp-json\/wp\/v2\/media\/45276"}],"wp:attachment":[{"href":"https:\/\/promz.be\/fr\/wp-json\/wp\/v2\/media?parent=45485"}],"wp:term":[{"taxonomy":"product_cat","embeddable":true,"href":"https:\/\/promz.be\/fr\/wp-json\/wp\/v2\/product_cat?post=45485"},{"taxonomy":"product_tag","embeddable":true,"href":"https:\/\/promz.be\/fr\/wp-json\/wp\/v2\/product_tag?post=45485"}],"curies":[{"name":"wp","href":"https:\/\/api.w.org\/{rel}","templated":true}]}}