{"id":45486,"date":"2022-03-19T06:40:38","date_gmt":"2022-03-19T05:40:38","guid":{"rendered":"https:\/\/promz.be\/product\/schmoozies-xxl-chien\/"},"modified":"2024-11-14T15:27:18","modified_gmt":"2024-11-14T14:27:18","slug":"schmoozies-xxl-chien","status":"publish","type":"product","link":"https:\/\/promz.be\/fr\/product\/schmoozies-xxl-chien\/","title":{"rendered":"Schmoozies\u00ae XXL chien"},"content":{"rendered":"<p>Schmoozies\u00ae XXL chien, parfait pour nettoyer les \u00e9crans de t\u00e9l\u00e9phones portables et de tablettes, dessous en microfibre<\/p>\n<p>Les Schmoozies\u00ae sont les meilleures ventes parmi les peluches MiniFeet\u00ae. Pour un choix encore plus grand, il existe maintenant les Schmoozies\u00ae XXL (env. 12 cm). Comme les animaux \u00e0 boules, ils sont \u00e9galement fabriqu\u00e9s en peluche douce et moelleuse de qualit\u00e9 sup\u00e9rieure. La face inf\u00e9rieure est en microfibre pour le nettoyage des surfaces lisses. Le marquage publicitaire s&#8217;effectue sur l&#8217;\u00e9tiquette cousue ou, \u00e0 d\u00e9faut, sur les accessoires assortis.<\/p>\n<p>\u00a0<\/p>\n","protected":false},"excerpt":{"rendered":"<p>Schmoozies\u00ae XXL chien, parfait pour nettoyer les \u00e9crans de t\u00e9l\u00e9phones portables et de tablettes, dessous en microfibre<\/p>\n<p>Les Schmoozies\u00ae sont les meilleures ventes parmi les peluches MiniFeet\u00ae. Pour un choix encore plus grand, il existe maintenant les Schmoozies\u00ae XXL (env. 12 cm). Comme les animaux \u00e0 boules, ils sont \u00e9galement fabriqu\u00e9s en peluche douce et moelleuse de qualit\u00e9 sup\u00e9rieure. La face inf\u00e9rieure est en microfibre pour le nettoyage des surfaces lisses. Le marquage publicitaire s&#8217;effectue sur l&#8217;\u00e9tiquette cousue ou, \u00e0 d\u00e9faut, sur les accessoires assortis. [&#8230;]<\/p>\n<p><a class=\"btn btn-secondary understrap-read-more-link\" href=\"https:\/\/promz.be\/fr\/product\/schmoozies-xxl-chien\/\">Lire la suite&#8230;<\/a><\/p>\n","protected":false},"featured_media":45284,"comment_status":"closed","ping_status":"open","template":"","meta":[],"product_cat":[9069],"product_tag":[],"_links":{"self":[{"href":"https:\/\/promz.be\/fr\/wp-json\/wp\/v2\/product\/45486"}],"collection":[{"href":"https:\/\/promz.be\/fr\/wp-json\/wp\/v2\/product"}],"about":[{"href":"https:\/\/promz.be\/fr\/wp-json\/wp\/v2\/types\/product"}],"replies":[{"embeddable":true,"href":"https:\/\/promz.be\/fr\/wp-json\/wp\/v2\/comments?post=45486"}],"wp:featuredmedia":[{"embeddable":true,"href":"https:\/\/promz.be\/fr\/wp-json\/wp\/v2\/media\/45284"}],"wp:attachment":[{"href":"https:\/\/promz.be\/fr\/wp-json\/wp\/v2\/media?parent=45486"}],"wp:term":[{"taxonomy":"product_cat","embeddable":true,"href":"https:\/\/promz.be\/fr\/wp-json\/wp\/v2\/product_cat?post=45486"},{"taxonomy":"product_tag","embeddable":true,"href":"https:\/\/promz.be\/fr\/wp-json\/wp\/v2\/product_tag?post=45486"}],"curies":[{"name":"wp","href":"https:\/\/api.w.org\/{rel}","templated":true}]}}