{"id":45487,"date":"2021-10-05T01:49:00","date_gmt":"2021-10-04T23:49:00","guid":{"rendered":"https:\/\/promz.be\/product\/canard-de-bain-wings\/"},"modified":"2024-11-14T15:27:18","modified_gmt":"2024-11-14T14:27:18","slug":"canard-de-bain-wings","status":"publish","type":"product","link":"https:\/\/promz.be\/fr\/product\/canard-de-bain-wings\/","title":{"rendered":"Canard de bain Wings"},"content":{"rendered":"<p>Canard couineur \u00e0 plumes<\/p>\n<p>Ce canard s\u00e9duit par l&#8217;aspect plumes de ses ailes. La reproduction presque r\u00e9aliste donne l&#8217;impression que ce canard utilise ses ailes. Un canard couineur de haute qualit\u00e9 pour les \u00e9v\u00e9nements sp\u00e9ciaux. Pour tous ceux qui visent haut.Disponible en plusieurs couleurs et tailles.<\/p>\n<p>\u00a0<\/p>\n","protected":false},"excerpt":{"rendered":"<p>Canard couineur \u00e0 plumes<\/p>\n<p>Ce canard s\u00e9duit par l&#8217;aspect plumes de ses ailes. La reproduction presque r\u00e9aliste donne l&#8217;impression que ce canard utilise ses ailes. Un canard couineur de haute qualit\u00e9 pour les \u00e9v\u00e9nements sp\u00e9ciaux. Pour tous ceux qui visent haut.Disponible en plusieurs couleurs et tailles. [&#8230;]<\/p>\n<p><a class=\"btn btn-secondary understrap-read-more-link\" href=\"https:\/\/promz.be\/fr\/product\/canard-de-bain-wings\/\">Lire la suite&#8230;<\/a><\/p>\n","protected":false},"featured_media":45298,"comment_status":"closed","ping_status":"open","template":"","meta":[],"product_cat":[9069],"product_tag":[],"_links":{"self":[{"href":"https:\/\/promz.be\/fr\/wp-json\/wp\/v2\/product\/45487"}],"collection":[{"href":"https:\/\/promz.be\/fr\/wp-json\/wp\/v2\/product"}],"about":[{"href":"https:\/\/promz.be\/fr\/wp-json\/wp\/v2\/types\/product"}],"replies":[{"embeddable":true,"href":"https:\/\/promz.be\/fr\/wp-json\/wp\/v2\/comments?post=45487"}],"wp:featuredmedia":[{"embeddable":true,"href":"https:\/\/promz.be\/fr\/wp-json\/wp\/v2\/media\/45298"}],"wp:attachment":[{"href":"https:\/\/promz.be\/fr\/wp-json\/wp\/v2\/media?parent=45487"}],"wp:term":[{"taxonomy":"product_cat","embeddable":true,"href":"https:\/\/promz.be\/fr\/wp-json\/wp\/v2\/product_cat?post=45487"},{"taxonomy":"product_tag","embeddable":true,"href":"https:\/\/promz.be\/fr\/wp-json\/wp\/v2\/product_tag?post=45487"}],"curies":[{"name":"wp","href":"https:\/\/api.w.org\/{rel}","templated":true}]}}