{"id":45488,"date":"2021-08-07T16:52:11","date_gmt":"2021-08-07T14:52:11","guid":{"rendered":"https:\/\/promz.be\/product\/maya-labeille\/"},"modified":"2024-11-14T15:27:19","modified_gmt":"2024-11-14T14:27:19","slug":"maya-labeille","status":"publish","type":"product","link":"https:\/\/promz.be\/fr\/product\/maya-labeille\/","title":{"rendered":"\u00ab Maya l&#8217;abeille \u00bb"},"content":{"rendered":"<p>Don&#8217;t worry &#8211; bee happy ! \u00ab Maya l&#8217;abeille \u00bb &#8211; l&#8217;original &#8211; dans un magnifique design jaune et noir.<\/p>\n<p>D\u00e9couvrez la v\u00e9ritable \u00ab Maya l&#8217;abeille \u00bb &#8211; un original intemporel ! Son authenticit\u00e9 va bien au-del\u00e0 de la simple nostalgie et \u00e9veille des souvenirs d&#8217;enfance inoubliables, tout en faisant battre le c\u0153ur des jeunes et des moins jeunes. En tant que produit officiel sous licence, elle est reconnaissable entre toutes avec son design jaune et noir et ses ailes enchanteresses et r\u00e9pand la joie dans chaque foyer. Mais ce n&#8217;est pas tout : elle peut \u00eatre imprim\u00e9e avec un logo ou un message publicitaire, ce qui en fait un cadeau unique et un support publicitaire original. N&#8217;h\u00e9sitez pas \u00e0 nous demander directement les possibilit\u00e9s de personnalisation. Donnez \u00e0 la v\u00e9ritable \u00ab Maya l&#8217;abeille \u00bb votre touche personnelle et restez longtemps dans la m\u00e9moire de vos collaborateurs, partenaires ou clients, m\u00eame apr\u00e8s sa remise. Car avec son charme et votre logo, elle devient \u00e0 la fois un symbole de confiance et une valeur publicitaire.\u00a9 Studio 100 Animation \u00ae Studio 100 D&#8217;apr\u00e8s Waldemar Bonsels \u00ab Die Biene Maja \u00bb studio100.com<\/p>\n<p>\u00a0<\/p>\n","protected":false},"excerpt":{"rendered":"<p>Don&#8217;t worry &#8211; bee happy ! \u00ab Maya l&#8217;abeille \u00bb &#8211; l&#8217;original &#8211; dans un magnifique design jaune et noir.<\/p>\n<p>D\u00e9couvrez la v\u00e9ritable \u00ab Maya l&#8217;abeille \u00bb &#8211; un original intemporel ! Son authenticit\u00e9 va bien au-del\u00e0 de la simple nostalgie et \u00e9veille des souvenirs d&#8217;enfance inoubliables, tout en faisant battre le c\u0153ur des jeunes et des moins jeunes. En tant que produit officiel sous licence, elle est reconnaissable entre toutes avec son design jaune et noir et ses ailes enchanteresses et r\u00e9pand la joie dans chaque foyer. Mais ce n&#8217;est pas tout : elle peut \u00eatre imprim\u00e9e avec un logo ou un message publicitaire, ce qui en fait un cadeau unique et un support publicitaire original. N&#8217;h\u00e9sitez pas \u00e0 nous demander directement les possibilit\u00e9s de personnalisation. Donnez \u00e0 la v\u00e9ritable \u00ab Maya l&#8217;abeille \u00bb votre touche personnelle et restez longtemps dans la m\u00e9moire de vos collaborateurs, partenaires ou clients, m\u00eame apr\u00e8s sa remise. Car avec son charme et votre logo, elle devient \u00e0 la fois un symbole de confiance et une valeur publicitaire.\u00a9 Studio 100 Animation \u00ae Studio 100 D&#8217;apr\u00e8s Waldemar Bonsels \u00ab Die Biene Maja \u00bb studio100.com [&#8230;]<\/p>\n<p><a class=\"btn btn-secondary understrap-read-more-link\" href=\"https:\/\/promz.be\/fr\/product\/maya-labeille\/\">Lire la suite&#8230;<\/a><\/p>\n","protected":false},"featured_media":45306,"comment_status":"closed","ping_status":"open","template":"","meta":[],"product_cat":[9069],"product_tag":[],"_links":{"self":[{"href":"https:\/\/promz.be\/fr\/wp-json\/wp\/v2\/product\/45488"}],"collection":[{"href":"https:\/\/promz.be\/fr\/wp-json\/wp\/v2\/product"}],"about":[{"href":"https:\/\/promz.be\/fr\/wp-json\/wp\/v2\/types\/product"}],"replies":[{"embeddable":true,"href":"https:\/\/promz.be\/fr\/wp-json\/wp\/v2\/comments?post=45488"}],"wp:featuredmedia":[{"embeddable":true,"href":"https:\/\/promz.be\/fr\/wp-json\/wp\/v2\/media\/45306"}],"wp:attachment":[{"href":"https:\/\/promz.be\/fr\/wp-json\/wp\/v2\/media?parent=45488"}],"wp:term":[{"taxonomy":"product_cat","embeddable":true,"href":"https:\/\/promz.be\/fr\/wp-json\/wp\/v2\/product_cat?post=45488"},{"taxonomy":"product_tag","embeddable":true,"href":"https:\/\/promz.be\/fr\/wp-json\/wp\/v2\/product_tag?post=45488"}],"curies":[{"name":"wp","href":"https:\/\/api.w.org\/{rel}","templated":true}]}}