{"id":45489,"date":"2023-04-14T13:17:25","date_gmt":"2023-04-14T11:17:25","guid":{"rendered":"https:\/\/promz.be\/product\/willi-labeille\/"},"modified":"2024-11-14T15:27:20","modified_gmt":"2024-11-14T14:27:20","slug":"willi-labeille","status":"publish","type":"product","link":"https:\/\/promz.be\/fr\/product\/willi-labeille\/","title":{"rendered":"\u00ab Willi l&#8217;abeille \u00bb"},"content":{"rendered":"<p>Don&#8217;t worry &#8211; bee happy ! \u00ab Willi l&#8217;abeille \u00bb est le meilleur ami de \u201cMaya l&#8217;abeille\u201d &#8211; ensemble, ils forment une dream team imbattable.<\/p>\n<p>D\u00e9couvrez le v\u00e9ritable \u00ab Die Biene Willi \u00bb &#8211; un original intemporel ! Son authenticit\u00e9 va bien au-del\u00e0 de la simple nostalgie et \u00e9veille des souvenirs d&#8217;enfance inoubliables, tout en faisant battre le c\u0153ur des jeunes et des moins jeunes. En tant que produit officiel sous licence, il est reconnaissable entre mille avec son design jaune et noir et ses ailes enchanteresses, et r\u00e9pand la joie dans chaque foyer. Mais ce n&#8217;est pas tout : il peut \u00eatre imprim\u00e9 avec un logo ou un message publicitaire, ce qui en fait un cadeau unique et un support publicitaire original. N&#8217;h\u00e9sitez pas \u00e0 nous demander directement quelles sont les possibilit\u00e9s de personnalisation. Donnez votre touche personnelle au v\u00e9ritable \u00ab Willi l&#8217;abeille \u00bb et restez longtemps dans la m\u00e9moire de vos collaborateurs, partenaires ou clients, m\u00eame apr\u00e8s sa remise. Car avec son charme et votre logo, il deviendra \u00e0 la fois un symbole de confiance et une valeur publicitaire. \u00a9 Studio 100 Animation \u00ae Studio 100 D&#8217;apr\u00e8s Waldemar Bonsels \u00ab Die Biene Maja \u00bb studio100.com<\/p>\n<p>\u00a0<\/p>\n","protected":false},"excerpt":{"rendered":"<p>Don&#8217;t worry &#8211; bee happy ! \u00ab Willi l&#8217;abeille \u00bb est le meilleur ami de \u201cMaya l&#8217;abeille\u201d &#8211; ensemble, ils forment une dream team imbattable.<\/p>\n<p>D\u00e9couvrez le v\u00e9ritable \u00ab Die Biene Willi \u00bb &#8211; un original intemporel ! Son authenticit\u00e9 va bien au-del\u00e0 de la simple nostalgie et \u00e9veille des souvenirs d&#8217;enfance inoubliables, tout en faisant battre le c\u0153ur des jeunes et des moins jeunes. En tant que produit officiel sous licence, il est reconnaissable entre mille avec son design jaune et noir et ses ailes enchanteresses, et r\u00e9pand la joie dans chaque foyer. Mais ce n&#8217;est pas tout : il peut \u00eatre imprim\u00e9 avec un logo ou un message publicitaire, ce qui en fait un cadeau unique et un support publicitaire original. N&#8217;h\u00e9sitez pas \u00e0 nous demander directement quelles sont les possibilit\u00e9s de personnalisation. Donnez votre touche personnelle au v\u00e9ritable \u00ab Willi l&#8217;abeille \u00bb et restez longtemps dans la m\u00e9moire de vos collaborateurs, partenaires ou clients, m\u00eame apr\u00e8s sa remise. Car avec son charme et votre logo, il deviendra \u00e0 la fois un symbole de confiance et une valeur publicitaire. \u00a9 Studio 100 Animation \u00ae Studio 100 D&#8217;apr\u00e8s Waldemar Bonsels \u00ab Die Biene Maja \u00bb studio100.com [&#8230;]<\/p>\n<p><a class=\"btn btn-secondary understrap-read-more-link\" href=\"https:\/\/promz.be\/fr\/product\/willi-labeille\/\">Lire la suite&#8230;<\/a><\/p>\n","protected":false},"featured_media":45314,"comment_status":"closed","ping_status":"open","template":"","meta":[],"product_cat":[9069],"product_tag":[],"_links":{"self":[{"href":"https:\/\/promz.be\/fr\/wp-json\/wp\/v2\/product\/45489"}],"collection":[{"href":"https:\/\/promz.be\/fr\/wp-json\/wp\/v2\/product"}],"about":[{"href":"https:\/\/promz.be\/fr\/wp-json\/wp\/v2\/types\/product"}],"replies":[{"embeddable":true,"href":"https:\/\/promz.be\/fr\/wp-json\/wp\/v2\/comments?post=45489"}],"wp:featuredmedia":[{"embeddable":true,"href":"https:\/\/promz.be\/fr\/wp-json\/wp\/v2\/media\/45314"}],"wp:attachment":[{"href":"https:\/\/promz.be\/fr\/wp-json\/wp\/v2\/media?parent=45489"}],"wp:term":[{"taxonomy":"product_cat","embeddable":true,"href":"https:\/\/promz.be\/fr\/wp-json\/wp\/v2\/product_cat?post=45489"},{"taxonomy":"product_tag","embeddable":true,"href":"https:\/\/promz.be\/fr\/wp-json\/wp\/v2\/product_tag?post=45489"}],"curies":[{"name":"wp","href":"https:\/\/api.w.org\/{rel}","templated":true}]}}