{"id":45490,"date":"2024-07-04T17:29:09","date_gmt":"2024-07-04T15:29:09","guid":{"rendered":"https:\/\/promz.be\/product\/canard-en-caoutchouc-naturel\/"},"modified":"2024-11-14T15:27:21","modified_gmt":"2024-11-14T14:27:21","slug":"canard-en-caoutchouc-naturel","status":"publish","type":"product","link":"https:\/\/promz.be\/fr\/product\/canard-en-caoutchouc-naturel\/","title":{"rendered":"Canard en caoutchouc naturel"},"content":{"rendered":"<p>Canard en caoutchouc naturel, une mati\u00e8re premi\u00e8re renouvelable et naturelle<\/p>\n<p>Canard en caoutchouc naturel avec aspect plume pour un effet durable. Le caoutchouc naturel est une substance caoutchouteuse contenue dans la s\u00e8ve laiteuse (latex) de nombreuses plantes d&#8217;h\u00e9v\u00e9a diff\u00e9rentes. Il s&#8217;agit d&#8217;une mati\u00e8re premi\u00e8re naturelle et renouvelable. La s\u00e8ve laiteuse est lib\u00e9r\u00e9e par l&#8217;incision de l&#8217;\u00e9corce de l&#8217;arbre, r\u00e9cup\u00e9r\u00e9e et ensuite transform\u00e9e. On obtient ainsi un article durable et durable au toucher particulier, fabriqu\u00e9 sans p\u00e9trole, biod\u00e9gradable et donc respectueux de l&#8217;environnement. Le caoutchouc naturel \u00e9tant un produit naturel, la couleur et la consistance du produit peuvent changer avec le temps. Ils ne sont pas adapt\u00e9s \u00e0 une utilisation dans l&#8217;eau chlor\u00e9e (p. ex. dans les piscines ou les bassins). Sur le caoutchouc naturel, il se forme parfois un d\u00e9p\u00f4t ou un film blanc qui ressemble beaucoup \u00e0 une poudre. C&#8217;est simplement le signe que le canard est un produit absolument naturel et qu&#8217;il est compos\u00e9 de caoutchouc naturel de haute qualit\u00e9. Cela se produit lorsque la cire s&#8217;\u00e9chappe de la mati\u00e8re \u00e0 la surface lors du vieillissement \u00e0 temp\u00e9rature ambiante. La cire est ajout\u00e9e en petite quantit\u00e9 comme agent de s\u00e9paration au processus de vulcanisation. Ce processus est appel\u00e9 \u00ab blooming \u00bb.<\/p>\n<p>\u00a0<\/p>\n","protected":false},"excerpt":{"rendered":"<p>Canard en caoutchouc naturel, une mati\u00e8re premi\u00e8re renouvelable et naturelle<\/p>\n<p>Canard en caoutchouc naturel avec aspect plume pour un effet durable. Le caoutchouc naturel est une substance caoutchouteuse contenue dans la s\u00e8ve laiteuse (latex) de nombreuses plantes d&#8217;h\u00e9v\u00e9a diff\u00e9rentes. Il s&#8217;agit d&#8217;une mati\u00e8re premi\u00e8re naturelle et renouvelable. La s\u00e8ve laiteuse est lib\u00e9r\u00e9e par l&#8217;incision de l&#8217;\u00e9corce de l&#8217;arbre, r\u00e9cup\u00e9r\u00e9e et ensuite transform\u00e9e. On obtient ainsi un article durable et durable au toucher particulier, fabriqu\u00e9 sans p\u00e9trole, biod\u00e9gradable et donc respectueux de l&#8217;environnement. Le caoutchouc naturel \u00e9tant un produit naturel, la couleur et la consistance du produit peuvent changer avec le temps. Ils ne sont pas adapt\u00e9s \u00e0 une utilisation dans l&#8217;eau chlor\u00e9e (p. ex. dans les piscines ou les bassins). Sur le caoutchouc naturel, il se forme parfois un d\u00e9p\u00f4t ou un film blanc qui ressemble beaucoup \u00e0 une poudre. C&#8217;est simplement le signe que le canard est un produit absolument naturel et qu&#8217;il est compos\u00e9 de caoutchouc naturel de haute qualit\u00e9. Cela se produit lorsque la cire s&#8217;\u00e9chappe de la mati\u00e8re \u00e0 la surface lors du vieillissement \u00e0 temp\u00e9rature ambiante. La cire est ajout\u00e9e en petite quantit\u00e9 comme agent de s\u00e9paration au processus de vulcanisation. Ce processus est appel\u00e9 \u00ab blooming \u00bb. [&#8230;]<\/p>\n<p><a class=\"btn btn-secondary understrap-read-more-link\" href=\"https:\/\/promz.be\/fr\/product\/canard-en-caoutchouc-naturel\/\">Lire la suite&#8230;<\/a><\/p>\n","protected":false},"featured_media":45322,"comment_status":"closed","ping_status":"open","template":"","meta":[],"product_cat":[9069],"product_tag":[],"_links":{"self":[{"href":"https:\/\/promz.be\/fr\/wp-json\/wp\/v2\/product\/45490"}],"collection":[{"href":"https:\/\/promz.be\/fr\/wp-json\/wp\/v2\/product"}],"about":[{"href":"https:\/\/promz.be\/fr\/wp-json\/wp\/v2\/types\/product"}],"replies":[{"embeddable":true,"href":"https:\/\/promz.be\/fr\/wp-json\/wp\/v2\/comments?post=45490"}],"wp:featuredmedia":[{"embeddable":true,"href":"https:\/\/promz.be\/fr\/wp-json\/wp\/v2\/media\/45322"}],"wp:attachment":[{"href":"https:\/\/promz.be\/fr\/wp-json\/wp\/v2\/media?parent=45490"}],"wp:term":[{"taxonomy":"product_cat","embeddable":true,"href":"https:\/\/promz.be\/fr\/wp-json\/wp\/v2\/product_cat?post=45490"},{"taxonomy":"product_tag","embeddable":true,"href":"https:\/\/promz.be\/fr\/wp-json\/wp\/v2\/product_tag?post=45490"}],"curies":[{"name":"wp","href":"https:\/\/api.w.org\/{rel}","templated":true}]}}