{"id":45491,"date":"2022-05-06T16:42:56","date_gmt":"2022-05-06T14:42:56","guid":{"rendered":"https:\/\/promz.be\/product\/canard-couineur-artisan\/"},"modified":"2024-11-14T15:27:21","modified_gmt":"2024-11-14T14:27:21","slug":"canard-couineur-artisan","status":"publish","type":"product","link":"https:\/\/promz.be\/fr\/product\/canard-couineur-artisan\/","title":{"rendered":"Canard couineur artisan"},"content":{"rendered":"<p>Canard couineur bricoleur<\/p>\n<p>Si vous avez des travaux de r\u00e9paration \u00e0 effectuer autour de votre baignoire, ce canard travailleur est exactement ce qu&#8217;il vous faut pour ce travail ! Sa tenue de travail comprend une casquette verte, une combinaison de travail orange avec un col bleu et bien s\u00fbr, il a toujours avec lui un marteau, une cl\u00e9 \u00e0 molette et un tournevis.<\/p>\n<p>\u00a0<\/p>\n","protected":false},"excerpt":{"rendered":"<p>Canard couineur bricoleur<\/p>\n<p>Si vous avez des travaux de r\u00e9paration \u00e0 effectuer autour de votre baignoire, ce canard travailleur est exactement ce qu&#8217;il vous faut pour ce travail ! Sa tenue de travail comprend une casquette verte, une combinaison de travail orange avec un col bleu et bien s\u00fbr, il a toujours avec lui un marteau, une cl\u00e9 \u00e0 molette et un tournevis. [&#8230;]<\/p>\n<p><a class=\"btn btn-secondary understrap-read-more-link\" href=\"https:\/\/promz.be\/fr\/product\/canard-couineur-artisan\/\">Lire la suite&#8230;<\/a><\/p>\n","protected":false},"featured_media":45328,"comment_status":"closed","ping_status":"open","template":"","meta":[],"product_cat":[9069],"product_tag":[],"_links":{"self":[{"href":"https:\/\/promz.be\/fr\/wp-json\/wp\/v2\/product\/45491"}],"collection":[{"href":"https:\/\/promz.be\/fr\/wp-json\/wp\/v2\/product"}],"about":[{"href":"https:\/\/promz.be\/fr\/wp-json\/wp\/v2\/types\/product"}],"replies":[{"embeddable":true,"href":"https:\/\/promz.be\/fr\/wp-json\/wp\/v2\/comments?post=45491"}],"wp:featuredmedia":[{"embeddable":true,"href":"https:\/\/promz.be\/fr\/wp-json\/wp\/v2\/media\/45328"}],"wp:attachment":[{"href":"https:\/\/promz.be\/fr\/wp-json\/wp\/v2\/media?parent=45491"}],"wp:term":[{"taxonomy":"product_cat","embeddable":true,"href":"https:\/\/promz.be\/fr\/wp-json\/wp\/v2\/product_cat?post=45491"},{"taxonomy":"product_tag","embeddable":true,"href":"https:\/\/promz.be\/fr\/wp-json\/wp\/v2\/product_tag?post=45491"}],"curies":[{"name":"wp","href":"https:\/\/api.w.org\/{rel}","templated":true}]}}