{"id":45492,"date":"2022-08-02T07:45:22","date_gmt":"2022-08-02T05:45:22","guid":{"rendered":"https:\/\/promz.be\/product\/canard-couineur-soignant\/"},"modified":"2024-11-14T15:27:22","modified_gmt":"2024-11-14T14:27:22","slug":"canard-couineur-soignant","status":"publish","type":"product","link":"https:\/\/promz.be\/fr\/product\/canard-couineur-soignant\/","title":{"rendered":"Canard couineur soignant"},"content":{"rendered":"<p>Pour tous les h\u00e9ros et h\u00e9ro\u00efnes des soins !<\/p>\n<p>Le canard couineur Soins infirmiers repr\u00e9sente tous les h\u00e9ros et h\u00e9ro\u00efnes qui nous soutiennent toujours avec passion et de toutes leurs forces. Un concentr\u00e9 de puissance infirmi\u00e8re \u00e0 offrir, \u00e0 collectionner ou comme souvenir amical des derniers s\u00e9jours.<\/p>\n<p>\u00a0<\/p>\n","protected":false},"excerpt":{"rendered":"<p>Pour tous les h\u00e9ros et h\u00e9ro\u00efnes des soins !<\/p>\n<p>Le canard couineur Soins infirmiers repr\u00e9sente tous les h\u00e9ros et h\u00e9ro\u00efnes qui nous soutiennent toujours avec passion et de toutes leurs forces. Un concentr\u00e9 de puissance infirmi\u00e8re \u00e0 offrir, \u00e0 collectionner ou comme souvenir amical des derniers s\u00e9jours. [&#8230;]<\/p>\n<p><a class=\"btn btn-secondary understrap-read-more-link\" href=\"https:\/\/promz.be\/fr\/product\/canard-couineur-soignant\/\">Lire la suite&#8230;<\/a><\/p>\n","protected":false},"featured_media":45334,"comment_status":"closed","ping_status":"open","template":"","meta":[],"product_cat":[9069],"product_tag":[],"_links":{"self":[{"href":"https:\/\/promz.be\/fr\/wp-json\/wp\/v2\/product\/45492"}],"collection":[{"href":"https:\/\/promz.be\/fr\/wp-json\/wp\/v2\/product"}],"about":[{"href":"https:\/\/promz.be\/fr\/wp-json\/wp\/v2\/types\/product"}],"replies":[{"embeddable":true,"href":"https:\/\/promz.be\/fr\/wp-json\/wp\/v2\/comments?post=45492"}],"wp:featuredmedia":[{"embeddable":true,"href":"https:\/\/promz.be\/fr\/wp-json\/wp\/v2\/media\/45334"}],"wp:attachment":[{"href":"https:\/\/promz.be\/fr\/wp-json\/wp\/v2\/media?parent=45492"}],"wp:term":[{"taxonomy":"product_cat","embeddable":true,"href":"https:\/\/promz.be\/fr\/wp-json\/wp\/v2\/product_cat?post=45492"},{"taxonomy":"product_tag","embeddable":true,"href":"https:\/\/promz.be\/fr\/wp-json\/wp\/v2\/product_tag?post=45492"}],"curies":[{"name":"wp","href":"https:\/\/api.w.org\/{rel}","templated":true}]}}