{"id":45493,"date":"2024-06-01T15:44:37","date_gmt":"2024-06-01T13:44:37","guid":{"rendered":"https:\/\/promz.be\/product\/canard-couineur-france\/"},"modified":"2024-11-14T15:27:23","modified_gmt":"2024-11-14T14:27:23","slug":"canard-couineur-france","status":"publish","type":"product","link":"https:\/\/promz.be\/fr\/product\/canard-couineur-france\/","title":{"rendered":"Canard couineur France"},"content":{"rendered":"<p>Canard Coinc\u00e9 France<\/p>\n<p>Nous pr\u00e9f\u00e9rons les canards jaunes. Nous pr\u00e9f\u00e9rons les canards jaunes ! Et surtout, nous les aimons couinants ! Nous ne pouvons donc que recommander \u00e0 tous les amateurs de canards de go\u00fbter aux classiques v\u00e9g\u00e9tariens de la cuisine fran\u00e7aise : le camembert et la baguette. Car qui pourrait vouloir s&#8217;attaquer au plumage de ces yeux globuleux ? Avec un b\u00e9ret basque et une l\u00e8vre sup\u00e9rieure nonchalante. pardon, la moustache du haut du bec, le canard couineur France b\u00e9n\u00e9ficie chez nous d&#8217;une protection de l&#8217;esp\u00e8ce et peut se concentrer en toute tranquillit\u00e9 sur le savoir-vivre.<\/p>\n<p>\u00a0<\/p>\n","protected":false},"excerpt":{"rendered":"<p>Canard Coinc\u00e9 France<\/p>\n<p>Nous pr\u00e9f\u00e9rons les canards jaunes. Nous pr\u00e9f\u00e9rons les canards jaunes ! Et surtout, nous les aimons couinants ! Nous ne pouvons donc que recommander \u00e0 tous les amateurs de canards de go\u00fbter aux classiques v\u00e9g\u00e9tariens de la cuisine fran\u00e7aise : le camembert et la baguette. Car qui pourrait vouloir s&#8217;attaquer au plumage de ces yeux globuleux ? Avec un b\u00e9ret basque et une l\u00e8vre sup\u00e9rieure nonchalante. pardon, la moustache du haut du bec, le canard couineur France b\u00e9n\u00e9ficie chez nous d&#8217;une protection de l&#8217;esp\u00e8ce et peut se concentrer en toute tranquillit\u00e9 sur le savoir-vivre. [&#8230;]<\/p>\n<p><a class=\"btn btn-secondary understrap-read-more-link\" href=\"https:\/\/promz.be\/fr\/product\/canard-couineur-france\/\">Lire la suite&#8230;<\/a><\/p>\n","protected":false},"featured_media":45338,"comment_status":"closed","ping_status":"open","template":"","meta":[],"product_cat":[9069],"product_tag":[],"_links":{"self":[{"href":"https:\/\/promz.be\/fr\/wp-json\/wp\/v2\/product\/45493"}],"collection":[{"href":"https:\/\/promz.be\/fr\/wp-json\/wp\/v2\/product"}],"about":[{"href":"https:\/\/promz.be\/fr\/wp-json\/wp\/v2\/types\/product"}],"replies":[{"embeddable":true,"href":"https:\/\/promz.be\/fr\/wp-json\/wp\/v2\/comments?post=45493"}],"wp:featuredmedia":[{"embeddable":true,"href":"https:\/\/promz.be\/fr\/wp-json\/wp\/v2\/media\/45338"}],"wp:attachment":[{"href":"https:\/\/promz.be\/fr\/wp-json\/wp\/v2\/media?parent=45493"}],"wp:term":[{"taxonomy":"product_cat","embeddable":true,"href":"https:\/\/promz.be\/fr\/wp-json\/wp\/v2\/product_cat?post=45493"},{"taxonomy":"product_tag","embeddable":true,"href":"https:\/\/promz.be\/fr\/wp-json\/wp\/v2\/product_tag?post=45493"}],"curies":[{"name":"wp","href":"https:\/\/api.w.org\/{rel}","templated":true}]}}