{"id":45494,"date":"2024-02-02T07:23:29","date_gmt":"2024-02-02T06:23:29","guid":{"rendered":"https:\/\/promz.be\/product\/canard-couineur-boulanger\/"},"modified":"2024-11-14T15:27:23","modified_gmt":"2024-11-14T14:27:23","slug":"canard-couineur-boulanger","status":"publish","type":"product","link":"https:\/\/promz.be\/fr\/product\/canard-couineur-boulanger\/","title":{"rendered":"Canard couineur boulanger"},"content":{"rendered":"<p>Canard couineur boulanger<\/p>\n<p>Lorsque l&#8217;odeur du pain frais et savoureux se fait sentir, le canard boulanger n&#8217;est pas loin. Son tablier blanc et son chapeau blanc sont ses v\u00eatements de travail. Dans son aile droite, il tient un rouleau de p\u00e2te et \u00e0 gauche, il pr\u00e9sente le pain termin\u00e9.<\/p>\n<p>\u00a0<\/p>\n","protected":false},"excerpt":{"rendered":"<p>Canard couineur boulanger<\/p>\n<p>Lorsque l&#8217;odeur du pain frais et savoureux se fait sentir, le canard boulanger n&#8217;est pas loin. Son tablier blanc et son chapeau blanc sont ses v\u00eatements de travail. Dans son aile droite, il tient un rouleau de p\u00e2te et \u00e0 gauche, il pr\u00e9sente le pain termin\u00e9. [&#8230;]<\/p>\n<p><a class=\"btn btn-secondary understrap-read-more-link\" href=\"https:\/\/promz.be\/fr\/product\/canard-couineur-boulanger\/\">Lire la suite&#8230;<\/a><\/p>\n","protected":false},"featured_media":45348,"comment_status":"closed","ping_status":"open","template":"","meta":[],"product_cat":[9069],"product_tag":[],"_links":{"self":[{"href":"https:\/\/promz.be\/fr\/wp-json\/wp\/v2\/product\/45494"}],"collection":[{"href":"https:\/\/promz.be\/fr\/wp-json\/wp\/v2\/product"}],"about":[{"href":"https:\/\/promz.be\/fr\/wp-json\/wp\/v2\/types\/product"}],"replies":[{"embeddable":true,"href":"https:\/\/promz.be\/fr\/wp-json\/wp\/v2\/comments?post=45494"}],"wp:featuredmedia":[{"embeddable":true,"href":"https:\/\/promz.be\/fr\/wp-json\/wp\/v2\/media\/45348"}],"wp:attachment":[{"href":"https:\/\/promz.be\/fr\/wp-json\/wp\/v2\/media?parent=45494"}],"wp:term":[{"taxonomy":"product_cat","embeddable":true,"href":"https:\/\/promz.be\/fr\/wp-json\/wp\/v2\/product_cat?post=45494"},{"taxonomy":"product_tag","embeddable":true,"href":"https:\/\/promz.be\/fr\/wp-json\/wp\/v2\/product_tag?post=45494"}],"curies":[{"name":"wp","href":"https:\/\/api.w.org\/{rel}","templated":true}]}}