{"id":45495,"date":"2023-05-03T23:28:58","date_gmt":"2023-05-03T21:28:58","guid":{"rendered":"https:\/\/promz.be\/product\/balle\/"},"modified":"2024-11-14T15:27:24","modified_gmt":"2024-11-14T14:27:24","slug":"balle","status":"publish","type":"product","link":"https:\/\/promz.be\/fr\/product\/balle\/","title":{"rendered":"Balle"},"content":{"rendered":"<p>SQUEEZIES\u00ae Ball, pour r\u00e9duire le stress \u00ab froisser \u00bb, reprend sa forme initiale.<\/p>\n<p>Ces balles tiennent parfaitement dans la main et se laissent presser et \u00e9craser \u00e0 volont\u00e9, assurant ainsi la d\u00e9tente. SQUEEZIES\u00ae Ball pour r\u00e9duire le stress, il suffit de la \u00ab froisser \u00bb, gr\u00e2ce \u00e0 la nature du mat\u00e9riau, le produit reprend sa forme initiale. Disponible en plusieurs couleurs.<\/p>\n<p>\u00a0<\/p>\n","protected":false},"excerpt":{"rendered":"<p>SQUEEZIES\u00ae Ball, pour r\u00e9duire le stress \u00ab froisser \u00bb, reprend sa forme initiale.<\/p>\n<p>Ces balles tiennent parfaitement dans la main et se laissent presser et \u00e9craser \u00e0 volont\u00e9, assurant ainsi la d\u00e9tente. SQUEEZIES\u00ae Ball pour r\u00e9duire le stress, il suffit de la \u00ab froisser \u00bb, gr\u00e2ce \u00e0 la nature du mat\u00e9riau, le produit reprend sa forme initiale. Disponible en plusieurs couleurs. [&#8230;]<\/p>\n<p><a class=\"btn btn-secondary understrap-read-more-link\" href=\"https:\/\/promz.be\/fr\/product\/balle\/\">Lire la suite&#8230;<\/a><\/p>\n","protected":false},"featured_media":45358,"comment_status":"closed","ping_status":"open","template":"","meta":[],"product_cat":[974,952,960,964,951,948],"product_tag":[],"_links":{"self":[{"href":"https:\/\/promz.be\/fr\/wp-json\/wp\/v2\/product\/45495"}],"collection":[{"href":"https:\/\/promz.be\/fr\/wp-json\/wp\/v2\/product"}],"about":[{"href":"https:\/\/promz.be\/fr\/wp-json\/wp\/v2\/types\/product"}],"replies":[{"embeddable":true,"href":"https:\/\/promz.be\/fr\/wp-json\/wp\/v2\/comments?post=45495"}],"wp:featuredmedia":[{"embeddable":true,"href":"https:\/\/promz.be\/fr\/wp-json\/wp\/v2\/media\/45358"}],"wp:attachment":[{"href":"https:\/\/promz.be\/fr\/wp-json\/wp\/v2\/media?parent=45495"}],"wp:term":[{"taxonomy":"product_cat","embeddable":true,"href":"https:\/\/promz.be\/fr\/wp-json\/wp\/v2\/product_cat?post=45495"},{"taxonomy":"product_tag","embeddable":true,"href":"https:\/\/promz.be\/fr\/wp-json\/wp\/v2\/product_tag?post=45495"}],"curies":[{"name":"wp","href":"https:\/\/api.w.org\/{rel}","templated":true}]}}