{"id":45496,"date":"2023-04-13T19:20:34","date_gmt":"2023-04-13T17:20:34","guid":{"rendered":"https:\/\/promz.be\/product\/balle-visage-souriant\/"},"modified":"2024-11-14T15:27:26","modified_gmt":"2024-11-14T14:27:26","slug":"balle-visage-souriant","status":"publish","type":"product","link":"https:\/\/promz.be\/fr\/product\/balle-visage-souriant\/","title":{"rendered":"Balle visage souriant"},"content":{"rendered":"<p>SQUEEZIES\u00ae Ball, visage souriant, pour \u00e9vacuer le stress \u00ab froisser \u00bb, reprend sa forme initiale.<\/p>\n<p>Cette balle fait na\u00eetre un sourire sur les l\u00e8vres. Jaune vif avec un visage souriant, elle fait d\u00e9j\u00e0 beaucoup d&#8217;effet visuellement, mais elle d\u00e9tend aussi gr\u00e2ce \u00e0 sa fonction d&#8217;entra\u00eeneur manuel. Pour r\u00e9duire le stress, il suffit de \u00ab froisser \u00bb la balle SQUEEZIES\u00ae. Gr\u00e2ce \u00e0 la nature du mat\u00e9riau, le produit reprend sa forme initiale.<\/p>\n<p>\u00a0<\/p>\n","protected":false},"excerpt":{"rendered":"<p>SQUEEZIES\u00ae Ball, visage souriant, pour \u00e9vacuer le stress \u00ab froisser \u00bb, reprend sa forme initiale.<\/p>\n<p>Cette balle fait na\u00eetre un sourire sur les l\u00e8vres. Jaune vif avec un visage souriant, elle fait d\u00e9j\u00e0 beaucoup d&#8217;effet visuellement, mais elle d\u00e9tend aussi gr\u00e2ce \u00e0 sa fonction d&#8217;entra\u00eeneur manuel. Pour r\u00e9duire le stress, il suffit de \u00ab froisser \u00bb la balle SQUEEZIES\u00ae. Gr\u00e2ce \u00e0 la nature du mat\u00e9riau, le produit reprend sa forme initiale. [&#8230;]<\/p>\n<p><a class=\"btn btn-secondary understrap-read-more-link\" href=\"https:\/\/promz.be\/fr\/product\/balle-visage-souriant\/\">Lire la suite&#8230;<\/a><\/p>\n","protected":false},"featured_media":45362,"comment_status":"closed","ping_status":"open","template":"","meta":[],"product_cat":[974,952,960,964,951,948],"product_tag":[],"_links":{"self":[{"href":"https:\/\/promz.be\/fr\/wp-json\/wp\/v2\/product\/45496"}],"collection":[{"href":"https:\/\/promz.be\/fr\/wp-json\/wp\/v2\/product"}],"about":[{"href":"https:\/\/promz.be\/fr\/wp-json\/wp\/v2\/types\/product"}],"replies":[{"embeddable":true,"href":"https:\/\/promz.be\/fr\/wp-json\/wp\/v2\/comments?post=45496"}],"wp:featuredmedia":[{"embeddable":true,"href":"https:\/\/promz.be\/fr\/wp-json\/wp\/v2\/media\/45362"}],"wp:attachment":[{"href":"https:\/\/promz.be\/fr\/wp-json\/wp\/v2\/media?parent=45496"}],"wp:term":[{"taxonomy":"product_cat","embeddable":true,"href":"https:\/\/promz.be\/fr\/wp-json\/wp\/v2\/product_cat?post=45496"},{"taxonomy":"product_tag","embeddable":true,"href":"https:\/\/promz.be\/fr\/wp-json\/wp\/v2\/product_tag?post=45496"}],"curies":[{"name":"wp","href":"https:\/\/api.w.org\/{rel}","templated":true}]}}