{"id":45497,"date":"2023-04-27T09:41:17","date_gmt":"2023-04-27T07:41:17","guid":{"rendered":"https:\/\/promz.be\/product\/vacancier-bert\/"},"modified":"2024-11-14T15:27:27","modified_gmt":"2024-11-14T14:27:27","slug":"vacancier-bert","status":"publish","type":"product","link":"https:\/\/promz.be\/fr\/product\/vacancier-bert\/","title":{"rendered":"Vacancier Bert"},"content":{"rendered":"<p>Le vacancier Squeezies\u00ae Bert\u00ae pour un suppl\u00e9ment de d\u00e9tente et de bonne humeur tout au long de l&#8217;ann\u00e9e !<\/p>\n<p>Bert\u00ae, le vacancier Squeezies\u00ae, est un v\u00e9ritable globe-trotter qui, d\u00e8s la r\u00e9servation de son voyage, suscite l&#8217;anticipation et la bonne humeur. Bert\u00ae est un personnage culte qui aime \u00eatre au c\u0153ur de l&#8217;action. Il passe l&#8217;ann\u00e9e en toute d\u00e9contraction avec son chapeau, sa serviette, ses lunettes de soleil et son appareil photo. Il assure ainsi de mani\u00e8re charmante des pauses de d\u00e9tente importantes. Un cadeau sympathique ou un cadeau publicitaire amusant pour les agences de voyage, l&#8217;h\u00f4tellerie et la restauration, etc.<\/p>\n<p>\u00a0<\/p>\n","protected":false},"excerpt":{"rendered":"<p>Le vacancier Squeezies\u00ae Bert\u00ae pour un suppl\u00e9ment de d\u00e9tente et de bonne humeur tout au long de l&#8217;ann\u00e9e !<\/p>\n<p>Bert\u00ae, le vacancier Squeezies\u00ae, est un v\u00e9ritable globe-trotter qui, d\u00e8s la r\u00e9servation de son voyage, suscite l&#8217;anticipation et la bonne humeur. Bert\u00ae est un personnage culte qui aime \u00eatre au c\u0153ur de l&#8217;action. Il passe l&#8217;ann\u00e9e en toute d\u00e9contraction avec son chapeau, sa serviette, ses lunettes de soleil et son appareil photo. Il assure ainsi de mani\u00e8re charmante des pauses de d\u00e9tente importantes. Un cadeau sympathique ou un cadeau publicitaire amusant pour les agences de voyage, l&#8217;h\u00f4tellerie et la restauration, etc. [&#8230;]<\/p>\n<p><a class=\"btn btn-secondary understrap-read-more-link\" href=\"https:\/\/promz.be\/fr\/product\/vacancier-bert\/\">Lire la suite&#8230;<\/a><\/p>\n","protected":false},"featured_media":45370,"comment_status":"closed","ping_status":"open","template":"","meta":[],"product_cat":[974,960,951,948,1020],"product_tag":[],"_links":{"self":[{"href":"https:\/\/promz.be\/fr\/wp-json\/wp\/v2\/product\/45497"}],"collection":[{"href":"https:\/\/promz.be\/fr\/wp-json\/wp\/v2\/product"}],"about":[{"href":"https:\/\/promz.be\/fr\/wp-json\/wp\/v2\/types\/product"}],"replies":[{"embeddable":true,"href":"https:\/\/promz.be\/fr\/wp-json\/wp\/v2\/comments?post=45497"}],"wp:featuredmedia":[{"embeddable":true,"href":"https:\/\/promz.be\/fr\/wp-json\/wp\/v2\/media\/45370"}],"wp:attachment":[{"href":"https:\/\/promz.be\/fr\/wp-json\/wp\/v2\/media?parent=45497"}],"wp:term":[{"taxonomy":"product_cat","embeddable":true,"href":"https:\/\/promz.be\/fr\/wp-json\/wp\/v2\/product_cat?post=45497"},{"taxonomy":"product_tag","embeddable":true,"href":"https:\/\/promz.be\/fr\/wp-json\/wp\/v2\/product_tag?post=45497"}],"curies":[{"name":"wp","href":"https:\/\/api.w.org\/{rel}","templated":true}]}}