{"id":45498,"date":"2022-12-17T20:30:14","date_gmt":"2022-12-17T19:30:14","guid":{"rendered":"https:\/\/promz.be\/product\/docteur-bert\/"},"modified":"2024-11-14T15:27:29","modified_gmt":"2024-11-14T14:27:29","slug":"docteur-bert","status":"publish","type":"product","link":"https:\/\/promz.be\/fr\/product\/docteur-bert\/","title":{"rendered":"Docteur Bert\u00ae"},"content":{"rendered":"<p>SQUEEZIES\u00ae Dr. Bert\u00ae, pour r\u00e9duire le stress, reprend sa forme initiale.<\/p>\n<p>\u00catre malade n&#8217;est pas du tout relaxant et ne procure aucun plaisir. Le Dr Bert\u00ae se soucie du bien-\u00eatre de ses patients et prescrit : Beaucoup de d\u00e9tente. Pour que la gu\u00e9rison soit rapide : il suffit de \u00ab froisser \u00bb SQUEEZIES\u00ae Dr. Bert\u00ae pour r\u00e9duire le stress. Gr\u00e2ce \u00e0 la nature du mat\u00e9riau, le produit reprend sa forme initiale.<\/p>\n<p>\u00a0<\/p>\n","protected":false},"excerpt":{"rendered":"<p>SQUEEZIES\u00ae Dr. Bert\u00ae, pour r\u00e9duire le stress, reprend sa forme initiale.<\/p>\n<p>\u00catre malade n&#8217;est pas du tout relaxant et ne procure aucun plaisir. Le Dr Bert\u00ae se soucie du bien-\u00eatre de ses patients et prescrit : Beaucoup de d\u00e9tente. Pour que la gu\u00e9rison soit rapide : il suffit de \u00ab froisser \u00bb SQUEEZIES\u00ae Dr. Bert\u00ae pour r\u00e9duire le stress. Gr\u00e2ce \u00e0 la nature du mat\u00e9riau, le produit reprend sa forme initiale. [&#8230;]<\/p>\n<p><a class=\"btn btn-secondary understrap-read-more-link\" href=\"https:\/\/promz.be\/fr\/product\/docteur-bert\/\">Lire la suite&#8230;<\/a><\/p>\n","protected":false},"featured_media":45378,"comment_status":"closed","ping_status":"open","template":"","meta":[],"product_cat":[9069],"product_tag":[],"_links":{"self":[{"href":"https:\/\/promz.be\/fr\/wp-json\/wp\/v2\/product\/45498"}],"collection":[{"href":"https:\/\/promz.be\/fr\/wp-json\/wp\/v2\/product"}],"about":[{"href":"https:\/\/promz.be\/fr\/wp-json\/wp\/v2\/types\/product"}],"replies":[{"embeddable":true,"href":"https:\/\/promz.be\/fr\/wp-json\/wp\/v2\/comments?post=45498"}],"wp:featuredmedia":[{"embeddable":true,"href":"https:\/\/promz.be\/fr\/wp-json\/wp\/v2\/media\/45378"}],"wp:attachment":[{"href":"https:\/\/promz.be\/fr\/wp-json\/wp\/v2\/media?parent=45498"}],"wp:term":[{"taxonomy":"product_cat","embeddable":true,"href":"https:\/\/promz.be\/fr\/wp-json\/wp\/v2\/product_cat?post=45498"},{"taxonomy":"product_tag","embeddable":true,"href":"https:\/\/promz.be\/fr\/wp-json\/wp\/v2\/product_tag?post=45498"}],"curies":[{"name":"wp","href":"https:\/\/api.w.org\/{rel}","templated":true}]}}