{"id":45499,"date":"2022-12-24T04:31:23","date_gmt":"2022-12-24T03:31:23","guid":{"rendered":"https:\/\/promz.be\/product\/menuisier-bert\/"},"modified":"2024-11-14T15:27:32","modified_gmt":"2024-11-14T14:27:32","slug":"menuisier-bert","status":"publish","type":"product","link":"https:\/\/promz.be\/fr\/product\/menuisier-bert\/","title":{"rendered":"Menuisier Bert"},"content":{"rendered":"<p>SQUEEZIES\u00ae Menuisier Bert\u00ae, pour r\u00e9duire le stress, se \u00ab froisser \u00bb, reprend sa forme initiale<\/p>\n<p>Bert\u00ae est le bon choix pour tous les travaux ! Le personnage culte de SQUEEZIES\u00ae est g\u00e9nial en cas de stress, d&#8217;ennui ou comme d\u00e9coration cool sur les bureaux, les ateliers et les comptoirs. Il r\u00e9siste facilement aux froissements dus au stress et retrouve tout de suite sa forme. Le bon Bert\u00ae dispose en outre d&#8217;une protection des dessins et mod\u00e8les.<\/p>\n<p>\u00a0<\/p>\n","protected":false},"excerpt":{"rendered":"<p>SQUEEZIES\u00ae Menuisier Bert\u00ae, pour r\u00e9duire le stress, se \u00ab froisser \u00bb, reprend sa forme initiale<\/p>\n<p>Bert\u00ae est le bon choix pour tous les travaux ! Le personnage culte de SQUEEZIES\u00ae est g\u00e9nial en cas de stress, d&#8217;ennui ou comme d\u00e9coration cool sur les bureaux, les ateliers et les comptoirs. Il r\u00e9siste facilement aux froissements dus au stress et retrouve tout de suite sa forme. Le bon Bert\u00ae dispose en outre d&#8217;une protection des dessins et mod\u00e8les. [&#8230;]<\/p>\n<p><a class=\"btn btn-secondary understrap-read-more-link\" href=\"https:\/\/promz.be\/fr\/product\/menuisier-bert\/\">Lire la suite&#8230;<\/a><\/p>\n","protected":false},"featured_media":45396,"comment_status":"closed","ping_status":"open","template":"","meta":[],"product_cat":[9069],"product_tag":[],"_links":{"self":[{"href":"https:\/\/promz.be\/fr\/wp-json\/wp\/v2\/product\/45499"}],"collection":[{"href":"https:\/\/promz.be\/fr\/wp-json\/wp\/v2\/product"}],"about":[{"href":"https:\/\/promz.be\/fr\/wp-json\/wp\/v2\/types\/product"}],"replies":[{"embeddable":true,"href":"https:\/\/promz.be\/fr\/wp-json\/wp\/v2\/comments?post=45499"}],"wp:featuredmedia":[{"embeddable":true,"href":"https:\/\/promz.be\/fr\/wp-json\/wp\/v2\/media\/45396"}],"wp:attachment":[{"href":"https:\/\/promz.be\/fr\/wp-json\/wp\/v2\/media?parent=45499"}],"wp:term":[{"taxonomy":"product_cat","embeddable":true,"href":"https:\/\/promz.be\/fr\/wp-json\/wp\/v2\/product_cat?post=45499"},{"taxonomy":"product_tag","embeddable":true,"href":"https:\/\/promz.be\/fr\/wp-json\/wp\/v2\/product_tag?post=45499"}],"curies":[{"name":"wp","href":"https:\/\/api.w.org\/{rel}","templated":true}]}}