{"id":45500,"date":"2024-01-08T14:45:31","date_gmt":"2024-01-08T13:45:31","guid":{"rendered":"https:\/\/promz.be\/product\/gold-bert\/"},"modified":"2024-11-14T15:27:35","modified_gmt":"2024-11-14T14:27:35","slug":"gold-bert","status":"publish","type":"product","link":"https:\/\/promz.be\/fr\/product\/gold-bert\/","title":{"rendered":"Gold Bert\u00ae"},"content":{"rendered":"<p>SQUEEZIES\u00ae Gold Bert\u00ae, pour r\u00e9duire le stress, se \u00ab mordille \u00bb et reprend sa forme initiale.<\/p>\n<p>Notre golden boy ! L&#8217;assidu Busy Bert\u00ae a \u00e9t\u00e9 particuli\u00e8rement honor\u00e9 et dor\u00e9 pour son travail de d\u00e9tente. D\u00e9sormais, son sourire rivalise avec l&#8217;or. SQUEEZIES\u00ae Gold Bert\u00ae pour r\u00e9duire le stress, il suffit de le \u00ab froisser \u00bb. Gr\u00e2ce \u00e0 la nature du mat\u00e9riau, le produit reprend sa forme initiale.<\/p>\n<p>\u00a0<\/p>\n","protected":false},"excerpt":{"rendered":"<p>SQUEEZIES\u00ae Gold Bert\u00ae, pour r\u00e9duire le stress, se \u00ab mordille \u00bb et reprend sa forme initiale.<\/p>\n<p>Notre golden boy ! L&#8217;assidu Busy Bert\u00ae a \u00e9t\u00e9 particuli\u00e8rement honor\u00e9 et dor\u00e9 pour son travail de d\u00e9tente. D\u00e9sormais, son sourire rivalise avec l&#8217;or. SQUEEZIES\u00ae Gold Bert\u00ae pour r\u00e9duire le stress, il suffit de le \u00ab froisser \u00bb. Gr\u00e2ce \u00e0 la nature du mat\u00e9riau, le produit reprend sa forme initiale. [&#8230;]<\/p>\n<p><a class=\"btn btn-secondary understrap-read-more-link\" href=\"https:\/\/promz.be\/fr\/product\/gold-bert\/\">Lire la suite&#8230;<\/a><\/p>\n","protected":false},"featured_media":45386,"comment_status":"closed","ping_status":"open","template":"","meta":[],"product_cat":[9069],"product_tag":[],"_links":{"self":[{"href":"https:\/\/promz.be\/fr\/wp-json\/wp\/v2\/product\/45500"}],"collection":[{"href":"https:\/\/promz.be\/fr\/wp-json\/wp\/v2\/product"}],"about":[{"href":"https:\/\/promz.be\/fr\/wp-json\/wp\/v2\/types\/product"}],"replies":[{"embeddable":true,"href":"https:\/\/promz.be\/fr\/wp-json\/wp\/v2\/comments?post=45500"}],"wp:featuredmedia":[{"embeddable":true,"href":"https:\/\/promz.be\/fr\/wp-json\/wp\/v2\/media\/45386"}],"wp:attachment":[{"href":"https:\/\/promz.be\/fr\/wp-json\/wp\/v2\/media?parent=45500"}],"wp:term":[{"taxonomy":"product_cat","embeddable":true,"href":"https:\/\/promz.be\/fr\/wp-json\/wp\/v2\/product_cat?post=45500"},{"taxonomy":"product_tag","embeddable":true,"href":"https:\/\/promz.be\/fr\/wp-json\/wp\/v2\/product_tag?post=45500"}],"curies":[{"name":"wp","href":"https:\/\/api.w.org\/{rel}","templated":true}]}}