{"id":45501,"date":"2024-08-06T16:56:15","date_gmt":"2024-08-06T14:56:15","guid":{"rendered":"https:\/\/promz.be\/product\/agriculteur-bert\/"},"modified":"2024-11-14T15:27:37","modified_gmt":"2024-11-14T14:27:37","slug":"agriculteur-bert","status":"publish","type":"product","link":"https:\/\/promz.be\/fr\/product\/agriculteur-bert\/","title":{"rendered":"Agriculteur Bert"},"content":{"rendered":"<p>SQUEEZIES\u00ae Agriculteur Bert\u00ae, pour r\u00e9duire le stress, reprend sa forme initiale.<\/p>\n<p>La r\u00e8gle agricole la plus importante dit : l&#8217;agriculteur Bert\u00ae le sait parfaitement : peu de stress, beaucoup de d\u00e9tente, c&#8217;est malin ! SQUEEZIES\u00ae Landwirt Bert\u00ae, pour r\u00e9duire le stress, il suffit de le \u00ab froisser \u00bb. Gr\u00e2ce \u00e0 la nature du mat\u00e9riau, le produit reprend sa forme initiale.<\/p>\n<p>\u00a0<\/p>\n","protected":false},"excerpt":{"rendered":"<p>SQUEEZIES\u00ae Agriculteur Bert\u00ae, pour r\u00e9duire le stress, reprend sa forme initiale.<\/p>\n<p>La r\u00e8gle agricole la plus importante dit : l&#8217;agriculteur Bert\u00ae le sait parfaitement : peu de stress, beaucoup de d\u00e9tente, c&#8217;est malin ! SQUEEZIES\u00ae Landwirt Bert\u00ae, pour r\u00e9duire le stress, il suffit de le \u00ab froisser \u00bb. Gr\u00e2ce \u00e0 la nature du mat\u00e9riau, le produit reprend sa forme initiale. [&#8230;]<\/p>\n<p><a class=\"btn btn-secondary understrap-read-more-link\" href=\"https:\/\/promz.be\/fr\/product\/agriculteur-bert\/\">Lire la suite&#8230;<\/a><\/p>\n","protected":false},"featured_media":45402,"comment_status":"closed","ping_status":"open","template":"","meta":[],"product_cat":[9069],"product_tag":[],"_links":{"self":[{"href":"https:\/\/promz.be\/fr\/wp-json\/wp\/v2\/product\/45501"}],"collection":[{"href":"https:\/\/promz.be\/fr\/wp-json\/wp\/v2\/product"}],"about":[{"href":"https:\/\/promz.be\/fr\/wp-json\/wp\/v2\/types\/product"}],"replies":[{"embeddable":true,"href":"https:\/\/promz.be\/fr\/wp-json\/wp\/v2\/comments?post=45501"}],"wp:featuredmedia":[{"embeddable":true,"href":"https:\/\/promz.be\/fr\/wp-json\/wp\/v2\/media\/45402"}],"wp:attachment":[{"href":"https:\/\/promz.be\/fr\/wp-json\/wp\/v2\/media?parent=45501"}],"wp:term":[{"taxonomy":"product_cat","embeddable":true,"href":"https:\/\/promz.be\/fr\/wp-json\/wp\/v2\/product_cat?post=45501"},{"taxonomy":"product_tag","embeddable":true,"href":"https:\/\/promz.be\/fr\/wp-json\/wp\/v2\/product_tag?post=45501"}],"curies":[{"name":"wp","href":"https:\/\/api.w.org\/{rel}","templated":true}]}}