{"id":45502,"date":"2024-08-17T16:00:23","date_gmt":"2024-08-17T14:00:23","guid":{"rendered":"https:\/\/promz.be\/product\/conseiller-bert\/"},"modified":"2024-11-14T15:27:39","modified_gmt":"2024-11-14T14:27:39","slug":"conseiller-bert","status":"publish","type":"product","link":"https:\/\/promz.be\/fr\/product\/conseiller-bert\/","title":{"rendered":"Conseiller Bert"},"content":{"rendered":"<p>SQUEEZIES\u00ae Conseiller Bert\u00ae, pour r\u00e9duire le stress, \u00ab se froisser \u00bb, reprend sa forme initiale.<\/p>\n<p>Notre Bert\u00ae est absolument polyvalent. En tant que conseiller Bert\u00ae, il le prouve particuli\u00e8rement. Qu&#8217;il s&#8217;agisse de banques, d&#8217;immobilier ou d&#8217;assurances, le conseiller Bert\u00ae s&#8217;y conna\u00eet parfaitement et a toujours les documents ad\u00e9quats avec lui. Avec son sourire franc et son costume \u00e0 la mode, il inspire une grande confiance. En outre, il veille \u00e0 ce que l&#8217;ambiance g\u00e9n\u00e9rale soit d\u00e9tendue. SQUEEZIES\u00ae Conseiller Bert\u00ae pour r\u00e9duire le stress, il suffit de le \u00ab froisser \u00bb. Gr\u00e2ce \u00e0 la nature du mat\u00e9riau, le produit reprend sa forme initiale.<\/p>\n<p>\u00a0<\/p>\n","protected":false},"excerpt":{"rendered":"<p>SQUEEZIES\u00ae Conseiller Bert\u00ae, pour r\u00e9duire le stress, \u00ab se froisser \u00bb, reprend sa forme initiale.<\/p>\n<p>Notre Bert\u00ae est absolument polyvalent. En tant que conseiller Bert\u00ae, il le prouve particuli\u00e8rement. Qu&#8217;il s&#8217;agisse de banques, d&#8217;immobilier ou d&#8217;assurances, le conseiller Bert\u00ae s&#8217;y conna\u00eet parfaitement et a toujours les documents ad\u00e9quats avec lui. Avec son sourire franc et son costume \u00e0 la mode, il inspire une grande confiance. En outre, il veille \u00e0 ce que l&#8217;ambiance g\u00e9n\u00e9rale soit d\u00e9tendue. SQUEEZIES\u00ae Conseiller Bert\u00ae pour r\u00e9duire le stress, il suffit de le \u00ab froisser \u00bb. Gr\u00e2ce \u00e0 la nature du mat\u00e9riau, le produit reprend sa forme initiale. [&#8230;]<\/p>\n<p><a class=\"btn btn-secondary understrap-read-more-link\" href=\"https:\/\/promz.be\/fr\/product\/conseiller-bert\/\">Lire la suite&#8230;<\/a><\/p>\n","protected":false},"featured_media":45410,"comment_status":"closed","ping_status":"open","template":"","meta":[],"product_cat":[9069],"product_tag":[],"_links":{"self":[{"href":"https:\/\/promz.be\/fr\/wp-json\/wp\/v2\/product\/45502"}],"collection":[{"href":"https:\/\/promz.be\/fr\/wp-json\/wp\/v2\/product"}],"about":[{"href":"https:\/\/promz.be\/fr\/wp-json\/wp\/v2\/types\/product"}],"replies":[{"embeddable":true,"href":"https:\/\/promz.be\/fr\/wp-json\/wp\/v2\/comments?post=45502"}],"wp:featuredmedia":[{"embeddable":true,"href":"https:\/\/promz.be\/fr\/wp-json\/wp\/v2\/media\/45410"}],"wp:attachment":[{"href":"https:\/\/promz.be\/fr\/wp-json\/wp\/v2\/media?parent=45502"}],"wp:term":[{"taxonomy":"product_cat","embeddable":true,"href":"https:\/\/promz.be\/fr\/wp-json\/wp\/v2\/product_cat?post=45502"},{"taxonomy":"product_tag","embeddable":true,"href":"https:\/\/promz.be\/fr\/wp-json\/wp\/v2\/product_tag?post=45502"}],"curies":[{"name":"wp","href":"https:\/\/api.w.org\/{rel}","templated":true}]}}