{"id":46051,"date":"2025-02-25T10:16:54","date_gmt":"2025-02-25T09:16:54","guid":{"rendered":"https:\/\/promz.be\/?post_type=product&#038;p=46051"},"modified":"2025-02-25T10:16:54","modified_gmt":"2025-02-25T09:16:54","slug":"mini-boite-joyeuses-paques","status":"publish","type":"product","link":"https:\/\/promz.be\/fr\/product\/mini-boite-joyeuses-paques\/","title":{"rendered":"Mini-bo\u00eete Joyeuses P\u00e2ques"},"content":{"rendered":"","protected":false},"excerpt":{"rendered":"<p>Surprenez vos coll\u00e8gues avec cette mini-bo\u00eete de P\u00e2ques ! Le contenu se pr\u00eate parfaitement \u00e0 un moment de d\u00e9tente. Avec un moment de fra\u00eecheur gr\u00e2ce au sachet de citron Agroposta, litt\u00e9ralement la limonade de la nature. Les bonbons v\u00e9g\u00e9taliens HappySour vous rendront heureux rien que par leur aspect joyeux, mais ils sont \u00e9galement sans sucre et sans gluten. Savourez la saveur la plus populaire de Tony en forme d&#8217;\u0153uf de P\u00e2ques : lait, caramel\/sel. Pr\u00e9sent\u00e9e dans une minibo\u00eete \u00e9l\u00e9gante avec des options de personnalisation, cette minibo\u00eete est une v\u00e9ritable gagnante pour 2024 ! [&#8230;]<\/p>\n<p><a class=\"btn btn-secondary understrap-read-more-link\" href=\"https:\/\/promz.be\/fr\/product\/mini-boite-joyeuses-paques\/\">Lire la suite&#8230;<\/a><\/p>\n","protected":false},"featured_media":46050,"comment_status":"closed","ping_status":"closed","template":"","meta":[],"product_cat":[1008],"product_tag":[],"_links":{"self":[{"href":"https:\/\/promz.be\/fr\/wp-json\/wp\/v2\/product\/46051"}],"collection":[{"href":"https:\/\/promz.be\/fr\/wp-json\/wp\/v2\/product"}],"about":[{"href":"https:\/\/promz.be\/fr\/wp-json\/wp\/v2\/types\/product"}],"replies":[{"embeddable":true,"href":"https:\/\/promz.be\/fr\/wp-json\/wp\/v2\/comments?post=46051"}],"wp:featuredmedia":[{"embeddable":true,"href":"https:\/\/promz.be\/fr\/wp-json\/wp\/v2\/media\/46050"}],"wp:attachment":[{"href":"https:\/\/promz.be\/fr\/wp-json\/wp\/v2\/media?parent=46051"}],"wp:term":[{"taxonomy":"product_cat","embeddable":true,"href":"https:\/\/promz.be\/fr\/wp-json\/wp\/v2\/product_cat?post=46051"},{"taxonomy":"product_tag","embeddable":true,"href":"https:\/\/promz.be\/fr\/wp-json\/wp\/v2\/product_tag?post=46051"}],"curies":[{"name":"wp","href":"https:\/\/api.w.org\/{rel}","templated":true}]}}