{"id":9559,"date":"2017-07-25T00:00:00","date_gmt":"2017-10-05T00:00:00","guid":{"rendered":"https:\/\/promz.be\/product\/box-cadeau-concept-de-carte-cadeau-le-cadeau-de-choix\/"},"modified":"2017-10-05T00:00:00","modified_gmt":"2017-10-05T00:00:00","slug":"box-cadeau-concept-de-carte-cadeau-le-cadeau-de-choix","status":"publish","type":"product","link":"https:\/\/promz.be\/fr\/product\/box-cadeau-concept-de-carte-cadeau-le-cadeau-de-choix\/","title":{"rendered":"Box Cadeau \u2013 Concept de carte cadeau : Le cadeau de choix"},"content":{"rendered":"<p><strong>Donner le cadeau parfait ne pourrait pas \u00eatre plus simple.<\/strong><\/p>\n<p>Mine de rien, il en passe, du temps, \u00e0 choisir le cadeau id\u00e9al : un cadeau appr\u00e9ci\u00e9 par tous ; pratique, pour ne pas se voir rel\u00e9gu\u00e9 tr\u00e8s vite aux oubliettes ; moderne, \u00e9l\u00e9gant, esth\u00e9tique ; personnel, de pr\u00e9f\u00e9rence, pour qu\u2019il puisse exprimer une vraie reconnaissance.<br \/>\nAttent | Loyalty &#038; Rewards offre aujourd&#8217;hui une solution adapt\u00e9e pour les cadeaux de fin d&#8217;ann\u00e9e :<\/p>\n<p><strong>Concept de choix :<\/strong> D\u00e9veloppez votre propre programme de choix en fonction de votre budget, de votre cible et des fonctionnalit\u00e9s souhait\u00e9es et de l&#8217;assortiment &#8230;<br \/>\nNos services comprennent des bo\u00eetes cadeaux, des cartes-cadeaux, des emballages cadeaux, un site Web personnalis\u00e9, un assortiment de produits attractifs et la logistique. En bref, enti\u00e8rement personnalis\u00e9.<\/p>\n<p>Vos avantages :<\/p>\n<p>1. Personnel et cibl\u00e9<br \/>\n2. Chaque b\u00e9n\u00e9ficiaire choisit son cadeau de pr\u00e9f\u00e9rence<br \/>\n3. Optimisation budg\u00e9taire : ne payez que des codes \u00e9chang\u00e9s avec possibilit\u00e9 de r\u00e9cup\u00e9ration de la TVA.<br \/>\n4. Pas d&#8217;investissement en stock<br \/>\n5. \u00c9conomies de temps et de co\u00fbts<br \/>\n6. Insouciant<br \/>\n7. Administration et rapports en ligne<br \/>\n8. Pas d&#8217;investissement dans le logiciel<br \/>\n9. Pas d&#8217;investissement dans les licences<br \/>\n10. Aucun co\u00fbt de d\u00e9marrage ou de conception<\/p>\n","protected":false},"excerpt":{"rendered":"<p><strong>Donner le cadeau parfait ne pourrait pas \u00eatre plus simple.<\/strong><\/p>\n<p>Mine de rien, il en passe, du temps, \u00e0 choisir le cadeau id\u00e9al : un cadeau appr\u00e9ci\u00e9 par tous ; pratique, pour ne pas se voir rel\u00e9gu\u00e9 tr\u00e8s vite aux oubliettes ; moderne, \u00e9l\u00e9gant, esth\u00e9tique ; personnel, de pr\u00e9f\u00e9rence, pour qu\u2019il puisse exprimer une vraie reconnaissance.<br \/>\nAttent | Loyalty &#038; Rewards offre aujourd&#8217;hui une solution adapt\u00e9e pour les cadeaux de fin d&#8217;ann\u00e9e :<\/p>\n<p><strong>Concept de choix :<\/strong> D\u00e9veloppez votre propre programme de choix en fonction de votre budget, de votre cible et des fonctionnalit\u00e9s souhait\u00e9es et de l&#8217;assortiment &#8230;<br \/>\nNos services comprennent des bo\u00eetes cadeaux, des cartes-cadeaux, des emballages cadeaux, un site Web personnalis\u00e9, un assortiment de produits attractifs et la logistique. En bref, enti\u00e8rement personnalis\u00e9.<\/p>\n<p>Vos avantages :<\/p>\n<p>1. Personnel et cibl\u00e9<br \/>\n2. Chaque b\u00e9n\u00e9ficiaire choisit son cadeau de pr\u00e9f\u00e9rence<br \/>\n3. Optimisation budg\u00e9taire : ne payez que des codes \u00e9chang\u00e9s avec possibilit\u00e9 de r\u00e9cup\u00e9ration de la TVA.<br \/>\n4. Pas d&#8217;investissement en stock<br \/>\n5. \u00c9conomies de temps et de co\u00fbts<br \/>\n6. Insouciant<br \/>\n7. Administration et rapports en ligne<br \/>\n8. Pas d&#8217;investissement dans le logiciel<br \/>\n9. Pas d&#8217;investissement dans les licences<br \/>\n10. Aucun co\u00fbt de d\u00e9marrage ou de conception [&#8230;]<\/p>\n<p><a class=\"btn btn-secondary understrap-read-more-link\" href=\"https:\/\/promz.be\/fr\/product\/box-cadeau-concept-de-carte-cadeau-le-cadeau-de-choix\/\">Lire la suite&#8230;<\/a><\/p>\n","protected":false},"featured_media":7494,"comment_status":"closed","ping_status":"closed","template":"","meta":[],"product_cat":[975,946,957,1000],"product_tag":[],"_links":{"self":[{"href":"https:\/\/promz.be\/fr\/wp-json\/wp\/v2\/product\/9559"}],"collection":[{"href":"https:\/\/promz.be\/fr\/wp-json\/wp\/v2\/product"}],"about":[{"href":"https:\/\/promz.be\/fr\/wp-json\/wp\/v2\/types\/product"}],"replies":[{"embeddable":true,"href":"https:\/\/promz.be\/fr\/wp-json\/wp\/v2\/comments?post=9559"}],"wp:featuredmedia":[{"embeddable":true,"href":"https:\/\/promz.be\/fr\/wp-json\/wp\/v2\/media\/7494"}],"wp:attachment":[{"href":"https:\/\/promz.be\/fr\/wp-json\/wp\/v2\/media?parent=9559"}],"wp:term":[{"taxonomy":"product_cat","embeddable":true,"href":"https:\/\/promz.be\/fr\/wp-json\/wp\/v2\/product_cat?post=9559"},{"taxonomy":"product_tag","embeddable":true,"href":"https:\/\/promz.be\/fr\/wp-json\/wp\/v2\/product_tag?post=9559"}],"curies":[{"name":"wp","href":"https:\/\/api.w.org\/{rel}","templated":true}]}}