{"id":9560,"date":"2018-01-30T00:00:00","date_gmt":"2017-06-09T00:00:00","guid":{"rendered":"https:\/\/promz.be\/product\/comfy-noodle\/"},"modified":"2017-06-09T00:00:00","modified_gmt":"2017-06-09T00:00:00","slug":"comfy-noodle","status":"publish","type":"product","link":"https:\/\/promz.be\/fr\/product\/comfy-noodle\/","title":{"rendered":"COMFY noodle"},"content":{"rendered":"<p><strong>Qui ne conna\u00eet pas ces frites ? Chaque piscine est \u00e9quip\u00e9e de ces boudins, et pour une bonne raison : les COMFY noodle sont des aides \u00e0 la natation reconnues et r\u00e9guli\u00e8rement utilis\u00e9es pour des exercices th\u00e9rapeutiques. Flexibles, solides et color\u00e9es<br \/>\n<\/strong><br \/>\no Excellent support publicitaire pour votre prochaine campagne d\u2019\u00e9t\u00e9. Disponible en 6 couleurs de mousse, avec marquage 1 couleur \u00e0 partir de 240 pi\u00e8ces. Produit 100% belge !<\/p>\n","protected":false},"excerpt":{"rendered":"<p><strong>Qui ne conna\u00eet pas ces frites ? Chaque piscine est \u00e9quip\u00e9e de ces boudins, et pour une bonne raison : les COMFY noodle sont des aides \u00e0 la natation reconnues et r\u00e9guli\u00e8rement utilis\u00e9es pour des exercices th\u00e9rapeutiques. Flexibles, solides et color\u00e9es<br \/>\n<\/strong><br \/>\no Excellent support publicitaire pour votre prochaine campagne d\u2019\u00e9t\u00e9. Disponible en 6 couleurs de mousse, avec marquage 1 couleur \u00e0 partir de 240 pi\u00e8ces. Produit 100% belge ! [&#8230;]<\/p>\n<p><a class=\"btn btn-secondary understrap-read-more-link\" href=\"https:\/\/promz.be\/fr\/product\/comfy-noodle\/\">Lire la suite&#8230;<\/a><\/p>\n","protected":false},"featured_media":7580,"comment_status":"closed","ping_status":"open","template":"","meta":[],"product_cat":[952,1023,1035,957,953,949],"product_tag":[],"_links":{"self":[{"href":"https:\/\/promz.be\/fr\/wp-json\/wp\/v2\/product\/9560"}],"collection":[{"href":"https:\/\/promz.be\/fr\/wp-json\/wp\/v2\/product"}],"about":[{"href":"https:\/\/promz.be\/fr\/wp-json\/wp\/v2\/types\/product"}],"replies":[{"embeddable":true,"href":"https:\/\/promz.be\/fr\/wp-json\/wp\/v2\/comments?post=9560"}],"wp:featuredmedia":[{"embeddable":true,"href":"https:\/\/promz.be\/fr\/wp-json\/wp\/v2\/media\/7580"}],"wp:attachment":[{"href":"https:\/\/promz.be\/fr\/wp-json\/wp\/v2\/media?parent=9560"}],"wp:term":[{"taxonomy":"product_cat","embeddable":true,"href":"https:\/\/promz.be\/fr\/wp-json\/wp\/v2\/product_cat?post=9560"},{"taxonomy":"product_tag","embeddable":true,"href":"https:\/\/promz.be\/fr\/wp-json\/wp\/v2\/product_tag?post=9560"}],"curies":[{"name":"wp","href":"https:\/\/api.w.org\/{rel}","templated":true}]}}