{"id":9573,"date":"2017-07-13T00:00:00","date_gmt":"2017-07-13T00:00:00","guid":{"rendered":"https:\/\/promz.be\/product\/stylo-a-bille-avec-clip-en-3d-completement-fait-sur-mesure\/"},"modified":"2017-07-13T00:00:00","modified_gmt":"2017-07-13T00:00:00","slug":"stylo-a-bille-avec-clip-en-3d-completement-fait-sur-mesure","status":"publish","type":"product","link":"https:\/\/promz.be\/fr\/product\/stylo-a-bille-avec-clip-en-3d-completement-fait-sur-mesure\/","title":{"rendered":"stylo \u00e0 bille avec clip en 3D compl\u00e8tement fait-sur-m\u00e9sure"},"content":{"rendered":"<p>On \u00a0votre produit ou logo en miniature 3D comme clip sur un stylo \u00e0 bille, donc chaque partie est inject\u00e9e dans la couleur de votre choix!!!<\/p>\n<p>Un stylo \u00e0 bille, compl\u00e8tement fait sur mesure avec un clip dans n&#8217;importe quelle forme \u00e0 un prix d&#8217;un stylo ordinaire &#8220;d\u00e9j\u00e0 vu&#8221;&#8230;!!<\/p>\n","protected":false},"excerpt":{"rendered":"<p>On \u00a0votre produit ou logo en miniature 3D comme clip sur un stylo \u00e0 bille, donc chaque partie est inject\u00e9e dans la couleur de votre choix!!!<\/p>\n<p>Un stylo \u00e0 bille, compl\u00e8tement fait sur mesure avec un clip dans n&#8217;importe quelle forme \u00e0 un prix d&#8217;un stylo ordinaire &#8220;d\u00e9j\u00e0 vu&#8221;&#8230;!! [&#8230;]<\/p>\n<p><a class=\"btn btn-secondary understrap-read-more-link\" href=\"https:\/\/promz.be\/fr\/product\/stylo-a-bille-avec-clip-en-3d-completement-fait-sur-mesure\/\">Lire la suite&#8230;<\/a><\/p>\n","protected":false},"featured_media":7529,"comment_status":"closed","ping_status":"open","template":"","meta":[],"product_cat":[957,1010],"product_tag":[1842,3093,5601,5601,1848,1849,3094,4723,3095,3096,3097,3098,1856,3099],"_links":{"self":[{"href":"https:\/\/promz.be\/fr\/wp-json\/wp\/v2\/product\/9573"}],"collection":[{"href":"https:\/\/promz.be\/fr\/wp-json\/wp\/v2\/product"}],"about":[{"href":"https:\/\/promz.be\/fr\/wp-json\/wp\/v2\/types\/product"}],"replies":[{"embeddable":true,"href":"https:\/\/promz.be\/fr\/wp-json\/wp\/v2\/comments?post=9573"}],"wp:featuredmedia":[{"embeddable":true,"href":"https:\/\/promz.be\/fr\/wp-json\/wp\/v2\/media\/7529"}],"wp:attachment":[{"href":"https:\/\/promz.be\/fr\/wp-json\/wp\/v2\/media?parent=9573"}],"wp:term":[{"taxonomy":"product_cat","embeddable":true,"href":"https:\/\/promz.be\/fr\/wp-json\/wp\/v2\/product_cat?post=9573"},{"taxonomy":"product_tag","embeddable":true,"href":"https:\/\/promz.be\/fr\/wp-json\/wp\/v2\/product_tag?post=9573"}],"curies":[{"name":"wp","href":"https:\/\/api.w.org\/{rel}","templated":true}]}}