{"id":9584,"date":"2017-06-02T00:00:00","date_gmt":"2017-06-02T00:00:00","guid":{"rendered":"https:\/\/promz.be\/product\/booweeser-son-velo\/"},"modified":"2017-06-02T00:00:00","modified_gmt":"2017-06-02T00:00:00","slug":"booweeser-son-velo","status":"publish","type":"product","link":"https:\/\/promz.be\/fr\/product\/booweeser-son-velo\/","title":{"rendered":"Booweeser son v\u00e9lo"},"content":{"rendered":"<p>C\u2019est le moyen fun et utile de le personnaliser. La face ext\u00e9rieure d\u2019un Boowee peut \u00eatre customis\u00e9e comme vous le souhaitez: par un<br \/>\nlogo, une image, un message commercial ou une citation.<\/p>\n<p>Et elle peut \u00eatre imprim\u00e9e sous toutes les formes: impression par tampon,autocollant 3M r\u00e9fl\u00e9chissant ou m\u00eame impression quadri. A vous de laisser rouler votre imagination.<\/p>\n<p>Boowee est un media cr\u00e9atif et un cadeau publicitaire sympa, tr\u00e8s efficace pour toutes les marques qui veulent gagner des parts de march\u00e9. Et pour tous les cyclistes, petits ou grands, il s\u2019av\u00e8re aussi tr\u00e8s utile en cas d\u2019urgence. Car \u00e0 l\u2019int\u00e9rieur se trouve une<br \/>\npetite \u00e9tiquette, o\u00f9 chacun peut \u00e9crire ses propres informations comme nom, adresse ou num\u00e9ros de t\u00e9l\u00e9phone importants.<\/p>\n<p>Identifiez votre v\u00e9lo: Booweesez-le !<\/p>\n","protected":false},"excerpt":{"rendered":"<p>C\u2019est le moyen fun et utile de le personnaliser. La face ext\u00e9rieure d\u2019un Boowee peut \u00eatre customis\u00e9e comme vous le souhaitez: par un<br \/>\nlogo, une image, un message commercial ou une citation.<\/p>\n<p>Et elle peut \u00eatre imprim\u00e9e sous toutes les formes: impression par tampon,autocollant 3M r\u00e9fl\u00e9chissant ou m\u00eame impression quadri. A vous de laisser rouler votre imagination.<\/p>\n<p>Boowee est un media cr\u00e9atif et un cadeau publicitaire sympa, tr\u00e8s efficace pour toutes les marques qui veulent gagner des parts de march\u00e9. Et pour tous les cyclistes, petits ou grands, il s\u2019av\u00e8re aussi tr\u00e8s utile en cas d\u2019urgence. Car \u00e0 l\u2019int\u00e9rieur se trouve une<br \/>\npetite \u00e9tiquette, o\u00f9 chacun peut \u00e9crire ses propres informations comme nom, adresse ou num\u00e9ros de t\u00e9l\u00e9phone importants.<\/p>\n<p>Identifiez votre v\u00e9lo: Booweesez-le ! [&#8230;]<\/p>\n<p><a class=\"btn btn-secondary understrap-read-more-link\" href=\"https:\/\/promz.be\/fr\/product\/booweeser-son-velo\/\">Lire la suite&#8230;<\/a><\/p>\n","protected":false},"featured_media":7828,"comment_status":"closed","ping_status":"open","template":"","meta":[],"product_cat":[8745],"product_tag":[3113,3114,3115],"_links":{"self":[{"href":"https:\/\/promz.be\/fr\/wp-json\/wp\/v2\/product\/9584"}],"collection":[{"href":"https:\/\/promz.be\/fr\/wp-json\/wp\/v2\/product"}],"about":[{"href":"https:\/\/promz.be\/fr\/wp-json\/wp\/v2\/types\/product"}],"replies":[{"embeddable":true,"href":"https:\/\/promz.be\/fr\/wp-json\/wp\/v2\/comments?post=9584"}],"wp:featuredmedia":[{"embeddable":true,"href":"https:\/\/promz.be\/fr\/wp-json\/wp\/v2\/media\/7828"}],"wp:attachment":[{"href":"https:\/\/promz.be\/fr\/wp-json\/wp\/v2\/media?parent=9584"}],"wp:term":[{"taxonomy":"product_cat","embeddable":true,"href":"https:\/\/promz.be\/fr\/wp-json\/wp\/v2\/product_cat?post=9584"},{"taxonomy":"product_tag","embeddable":true,"href":"https:\/\/promz.be\/fr\/wp-json\/wp\/v2\/product_tag?post=9584"}],"curies":[{"name":"wp","href":"https:\/\/api.w.org\/{rel}","templated":true}]}}