{"id":9604,"date":"2017-06-12T00:00:00","date_gmt":"2017-06-12T00:00:00","guid":{"rendered":"https:\/\/promz.be\/product\/fidget-spinner\/"},"modified":"2017-06-12T00:00:00","modified_gmt":"2017-06-12T00:00:00","slug":"fidget-spinner-2","status":"publish","type":"product","link":"https:\/\/promz.be\/fr\/product\/fidget-spinner-2\/","title":{"rendered":"Fidget Spinner"},"content":{"rendered":"<p><strong>Le Fidget Spinner est le cadeau publicitaire de poche le plus branch\u00e9 du moment sur lequel vous pouvez imprimer votre logo. Marketing on-trend qui garantit des heures de plaisir \u00e0 vos clients.<\/strong><\/p>\n<p>Embo\u00eetez le pas \u00e0 la tendance et faites apposer votre logo ou votre nom sur des fidget spinners chez Ducks in a row. L\u2019espace au centre de la toupie est suffisamment grand pour y pr\u00e9voir votre logo ou texte. Nous pouvons l\u2019imprimer directement dessus ou appliquer votre logo au moyen d\u2019un doming. Les articles sont livr\u00e9s dans une bo\u00eete cadeau luxueuse. Une solution id\u00e9ale donc pour vous rappeler au bon souvenir de vos clients en leur offrant un gadget tendance que tout le monde s\u2019arrache et ce, \u00e0 prix tr\u00e8s bas.<\/p>\n<p>\u00c0 l\u2019achat de quantit\u00e9s plus importantes, nous pouvons fabriquer les toupies sur mesure pour vous. Dans ce cas, les Spinners peuvent \u00eatre enti\u00e8rement imprim\u00e9s.<\/p>\n<p>Fonctionnement : positionnez le Fidget Spinner entre le pouce et l\u2019index et faites le tourner. D\u00e9couvrez les avantages de ce gadget populaire : faire tourner la toupie assure une meilleure concentration et pr\u00e9vient l\u2019ennui\/le stress. Et c\u2019est vraiment gai ! Il est m\u00eame possible de r\u00e9aliser toute une s\u00e9rie de petits trucs. De nombreuses vid\u00e9os sont disponibles \u00e0 cet effet sur Youtube.<\/p>\n<p>\u00c0 partir de 1,25 \u20ac\/pi\u00e8ce y compris impression de votre logo.<\/p>\n<p><strong>DUCKS IN A ROW<\/strong><br \/>\n0032 (0)3 844 84 06<\/p>\n<p><a href=\"http:\/\/www.ducksinarow.be\/\" target=\"_blank\" rel=\"noopener noreferrer\">www.ducksinarow.be<\/a><\/p>\n","protected":false},"excerpt":{"rendered":"<p><strong>Le Fidget Spinner est le cadeau publicitaire de poche le plus branch\u00e9 du moment sur lequel vous pouvez imprimer votre logo. Marketing on-trend qui garantit des heures de plaisir \u00e0 vos clients.<\/strong><\/p>\n<p>Embo\u00eetez le pas \u00e0 la tendance et faites apposer votre logo ou votre nom sur des fidget spinners chez Ducks in a row. L\u2019espace au centre de la toupie est suffisamment grand pour y pr\u00e9voir votre logo ou texte. Nous pouvons l\u2019imprimer directement dessus ou appliquer votre logo au moyen d\u2019un doming. Les articles sont livr\u00e9s dans une bo\u00eete cadeau luxueuse. Une solution id\u00e9ale donc pour vous rappeler au bon souvenir de vos clients en leur offrant un gadget tendance que tout le monde s\u2019arrache et ce, \u00e0 prix tr\u00e8s bas.<\/p>\n<p>\u00c0 l\u2019achat de quantit\u00e9s plus importantes, nous pouvons fabriquer les toupies sur mesure pour vous. Dans ce cas, les Spinners peuvent \u00eatre enti\u00e8rement imprim\u00e9s.<\/p>\n<p>Fonctionnement : positionnez le Fidget Spinner entre le pouce et l\u2019index et faites le tourner. D\u00e9couvrez les avantages de ce gadget populaire : faire tourner la toupie assure une meilleure concentration et pr\u00e9vient l\u2019ennui\/le stress. Et c\u2019est vraiment gai ! Il est m\u00eame possible de r\u00e9aliser toute une s\u00e9rie de petits trucs. De nombreuses vid\u00e9os sont disponibles \u00e0 cet effet sur Youtube.<\/p>\n<p>\u00c0 partir de 1,25 \u20ac\/pi\u00e8ce y compris impression de votre logo.<\/p>\n<p><strong>DUCKS IN A ROW<\/strong><br \/>\n0032 (0)3 844 84 06<\/p>\n<p><a href=\"http:\/\/www.ducksinarow.be\/\" target=\"_blank\" rel=\"noopener noreferrer\">www.ducksinarow.be<\/a> [&#8230;]<\/p>\n<p><a class=\"btn btn-secondary understrap-read-more-link\" href=\"https:\/\/promz.be\/fr\/product\/fidget-spinner-2\/\">Lire la suite&#8230;<\/a><\/p>\n","protected":false},"featured_media":6179,"comment_status":"closed","ping_status":"open","template":"","meta":[],"product_cat":[960,1023,948,953],"product_tag":[],"_links":{"self":[{"href":"https:\/\/promz.be\/fr\/wp-json\/wp\/v2\/product\/9604"}],"collection":[{"href":"https:\/\/promz.be\/fr\/wp-json\/wp\/v2\/product"}],"about":[{"href":"https:\/\/promz.be\/fr\/wp-json\/wp\/v2\/types\/product"}],"replies":[{"embeddable":true,"href":"https:\/\/promz.be\/fr\/wp-json\/wp\/v2\/comments?post=9604"}],"wp:featuredmedia":[{"embeddable":true,"href":"https:\/\/promz.be\/fr\/wp-json\/wp\/v2\/media\/6179"}],"wp:attachment":[{"href":"https:\/\/promz.be\/fr\/wp-json\/wp\/v2\/media?parent=9604"}],"wp:term":[{"taxonomy":"product_cat","embeddable":true,"href":"https:\/\/promz.be\/fr\/wp-json\/wp\/v2\/product_cat?post=9604"},{"taxonomy":"product_tag","embeddable":true,"href":"https:\/\/promz.be\/fr\/wp-json\/wp\/v2\/product_tag?post=9604"}],"curies":[{"name":"wp","href":"https:\/\/api.w.org\/{rel}","templated":true}]}}