{"id":9605,"date":"2017-06-12T00:00:00","date_gmt":"2017-06-12T00:00:00","guid":{"rendered":"https:\/\/promz.be\/product\/ideal-pour-garder-votre-lunch-au-frais\/"},"modified":"2017-06-12T00:00:00","modified_gmt":"2017-06-12T00:00:00","slug":"ideal-pour-garder-votre-lunch-au-frais","status":"publish","type":"product","link":"https:\/\/promz.be\/fr\/product\/ideal-pour-garder-votre-lunch-au-frais\/","title":{"rendered":"Id\u00e9al pour garder votre lunch au frais"},"content":{"rendered":"<h2>Id\u00e9al pour emporter votre d\u00e9jeuner !<\/h2>\n<p>Sac isotherme id\u00e9al pour emporter votre d\u00e9jeuner au bureau, ou pique-niquer. Fabriqu\u00e9 en polyester 420D. Int\u00e9rieur doubl\u00e9 de rev\u00eatement isolant. Rabat ferm\u00e9 par velcro. Bandouli\u00e8re contrastante.<br \/>\nDimensions: 27 x 18 x 12 cm.<\/p>\n<p>&#8211; Sacs isothermes avec votre marquage \u00e0 partir de 80 pi\u00e8ces<\/p>\n","protected":false},"excerpt":{"rendered":"<h2>Id\u00e9al pour emporter votre d\u00e9jeuner !<\/h2>\n<p>Sac isotherme id\u00e9al pour emporter votre d\u00e9jeuner au bureau, ou pique-niquer. Fabriqu\u00e9 en polyester 420D. Int\u00e9rieur doubl\u00e9 de rev\u00eatement isolant. Rabat ferm\u00e9 par velcro. Bandouli\u00e8re contrastante.<br \/>\nDimensions: 27 x 18 x 12 cm.<\/p>\n<p>&#8211; Sacs isothermes avec votre marquage \u00e0 partir de 80 pi\u00e8ces [&#8230;]<\/p>\n<p><a class=\"btn btn-secondary understrap-read-more-link\" href=\"https:\/\/promz.be\/fr\/product\/ideal-pour-garder-votre-lunch-au-frais\/\">Lire la suite&#8230;<\/a><\/p>\n","protected":false},"featured_media":7673,"comment_status":"closed","ping_status":"open","template":"","meta":[],"product_cat":[8745],"product_tag":[],"_links":{"self":[{"href":"https:\/\/promz.be\/fr\/wp-json\/wp\/v2\/product\/9605"}],"collection":[{"href":"https:\/\/promz.be\/fr\/wp-json\/wp\/v2\/product"}],"about":[{"href":"https:\/\/promz.be\/fr\/wp-json\/wp\/v2\/types\/product"}],"replies":[{"embeddable":true,"href":"https:\/\/promz.be\/fr\/wp-json\/wp\/v2\/comments?post=9605"}],"wp:featuredmedia":[{"embeddable":true,"href":"https:\/\/promz.be\/fr\/wp-json\/wp\/v2\/media\/7673"}],"wp:attachment":[{"href":"https:\/\/promz.be\/fr\/wp-json\/wp\/v2\/media?parent=9605"}],"wp:term":[{"taxonomy":"product_cat","embeddable":true,"href":"https:\/\/promz.be\/fr\/wp-json\/wp\/v2\/product_cat?post=9605"},{"taxonomy":"product_tag","embeddable":true,"href":"https:\/\/promz.be\/fr\/wp-json\/wp\/v2\/product_tag?post=9605"}],"curies":[{"name":"wp","href":"https:\/\/api.w.org\/{rel}","templated":true}]}}