{"id":9609,"date":"2017-06-12T00:00:00","date_gmt":"2017-06-12T00:00:00","guid":{"rendered":"https:\/\/promz.be\/product\/creme-solaire-avec-logo\/"},"modified":"2017-06-12T00:00:00","modified_gmt":"2017-06-12T00:00:00","slug":"creme-solaire-avec-logo","status":"publish","type":"product","link":"https:\/\/promz.be\/fr\/product\/creme-solaire-avec-logo\/","title":{"rendered":"Cr\u00e8me solaire avec logo"},"content":{"rendered":"<h2>Tube de cr\u00e8me solaire de 25 ml<\/h2>\n<p>\u2013 Indice de protection 30<br \/>\n\u2013 Dimensions : 10 X 2.3 CM<br \/>\n\u2013 Dimensions d\u2019impression : max. impression 1 couleur 40 x 15 mm.<br \/>\nOu autocollant num\u00e9rique full colour, prix sur demande.<br \/>\nPour toute commande \u00e0 partir de 100 pi\u00e8ces, vous recevez <strong>GRATUITEMENT<\/strong> ce <strong>grand sac isotherme<\/strong> convenant pour 6 bouteilles jusqu\u2019\u00e0 2 litres !<\/p>\n<p>Il est \u00e9galement possible d\u2019acheter des petites quantit\u00e9s. Demandez des informations sans engagement et nous vous ferons parvenir rapidement une offre de prix ou une \u00e9preuve de film num\u00e9rique avec proposition.<br \/>\nEnvoyez-nous un e-mail \u00e0 <\/p>\n<p>Nous vous proposons \u00e9galement d\u2019autres gadgets estivaux qui vous prot\u00e8gent du soleil comme par exemple notre gamme \u00e9tendue de lunettes solaires, casquettes, chapeaux de paille \u00e0 la mode avec ruban de sublimation, bandanas color\u00e9s pour jeunes et moins jeunes, baumes \u00e0 l\u00e8vres pratiques, \u00e9ventails rafra\u00eechissants et bien d\u2019autres encore \u2026<\/p>\n<p>D\u00e9couvrez nos autres gadgets estivaux sympas via notre lien <a href=\"http:\/\/www.harogifts.be\/index.asp?assor.asp?id=zomerartikelen\" target=\"_blank\" rel=\"noopener noreferrer\">\u00c9T\u00c9<br \/>\n<\/a><br \/>\nJetez un coup d\u2019\u0153il sur <a href=\"http:\/\/www.harogifts.be\/\" target=\"_blank\" rel=\"noopener noreferrer\">www.harogifts.be<\/a> et nous nous ferons un plaisir de vous aider.<\/p>\n","protected":false},"excerpt":{"rendered":"<h2>Tube de cr\u00e8me solaire de 25 ml<\/h2>\n<p>\u2013 Indice de protection 30<br \/>\n\u2013 Dimensions : 10 X 2.3 CM<br \/>\n\u2013 Dimensions d\u2019impression : max. impression 1 couleur 40 x 15 mm.<br \/>\nOu autocollant num\u00e9rique full colour, prix sur demande.<br \/>\nPour toute commande \u00e0 partir de 100 pi\u00e8ces, vous recevez <strong>GRATUITEMENT<\/strong> ce <strong>grand sac isotherme<\/strong> convenant pour 6 bouteilles jusqu\u2019\u00e0 2 litres !<\/p>\n<p>Il est \u00e9galement possible d\u2019acheter des petites quantit\u00e9s. Demandez des informations sans engagement et nous vous ferons parvenir rapidement une offre de prix ou une \u00e9preuve de film num\u00e9rique avec proposition.<br \/>\nEnvoyez-nous un e-mail \u00e0 <\/p>\n<p>Nous vous proposons \u00e9galement d\u2019autres gadgets estivaux qui vous prot\u00e8gent du soleil comme par exemple notre gamme \u00e9tendue de lunettes solaires, casquettes, chapeaux de paille \u00e0 la mode avec ruban de sublimation, bandanas color\u00e9s pour jeunes et moins jeunes, baumes \u00e0 l\u00e8vres pratiques, \u00e9ventails rafra\u00eechissants et bien d\u2019autres encore \u2026<\/p>\n<p>D\u00e9couvrez nos autres gadgets estivaux sympas via notre lien <a href=\"http:\/\/www.harogifts.be\/index.asp?assor.asp?id=zomerartikelen\" target=\"_blank\" rel=\"noopener noreferrer\">\u00c9T\u00c9<br \/>\n<\/a><br \/>\nJetez un coup d\u2019\u0153il sur <a href=\"http:\/\/www.harogifts.be\/\" target=\"_blank\" rel=\"noopener noreferrer\">www.harogifts.be<\/a> et nous nous ferons un plaisir de vous aider. [&#8230;]<\/p>\n<p><a class=\"btn btn-secondary understrap-read-more-link\" href=\"https:\/\/promz.be\/fr\/product\/creme-solaire-avec-logo\/\">Lire la suite&#8230;<\/a><\/p>\n","protected":false},"featured_media":6064,"comment_status":"closed","ping_status":"open","template":"","meta":[],"product_cat":[8745],"product_tag":[],"_links":{"self":[{"href":"https:\/\/promz.be\/fr\/wp-json\/wp\/v2\/product\/9609"}],"collection":[{"href":"https:\/\/promz.be\/fr\/wp-json\/wp\/v2\/product"}],"about":[{"href":"https:\/\/promz.be\/fr\/wp-json\/wp\/v2\/types\/product"}],"replies":[{"embeddable":true,"href":"https:\/\/promz.be\/fr\/wp-json\/wp\/v2\/comments?post=9609"}],"wp:featuredmedia":[{"embeddable":true,"href":"https:\/\/promz.be\/fr\/wp-json\/wp\/v2\/media\/6064"}],"wp:attachment":[{"href":"https:\/\/promz.be\/fr\/wp-json\/wp\/v2\/media?parent=9609"}],"wp:term":[{"taxonomy":"product_cat","embeddable":true,"href":"https:\/\/promz.be\/fr\/wp-json\/wp\/v2\/product_cat?post=9609"},{"taxonomy":"product_tag","embeddable":true,"href":"https:\/\/promz.be\/fr\/wp-json\/wp\/v2\/product_tag?post=9609"}],"curies":[{"name":"wp","href":"https:\/\/api.w.org\/{rel}","templated":true}]}}