{"id":9617,"date":"2018-02-15T00:00:00","date_gmt":"2017-06-19T00:00:00","guid":{"rendered":"https:\/\/promz.be\/product\/logopralines\/"},"modified":"2017-06-19T00:00:00","modified_gmt":"2017-06-19T00:00:00","slug":"logopralines","status":"publish","type":"product","link":"https:\/\/promz.be\/fr\/product\/logopralines\/","title":{"rendered":"Logopralines"},"content":{"rendered":"<p><strong>(2500 en vrac): \u20ac 0,37 la pi\u00e8ce. Co\u00fbt clich\u00e9 1 couleur: \u20ac 160,00 (couleurs jaune, blanc, brun ou noir)<\/strong><\/p>\n<p>Praline d\u00e9licieux avec v\u00f4tre logo ou texte au dessus. Les pralines seront livrer particulier en vrac, mais c&#8217;est aussi possible de les emballer par 2,4,9,12 ou 16 pralines dans une bo\u00eete de cadeau avec une INLAY de couleur or.<\/p>\n<p>Les pralines sont disponible du go\u00fbt pur avec farce aux noisettes; lait avec farce de caramel; blanc avec farce de cappuccino.<\/p>\n","protected":false},"excerpt":{"rendered":"<p><strong>(2500 en vrac): \u20ac 0,37 la pi\u00e8ce. Co\u00fbt clich\u00e9 1 couleur: \u20ac 160,00 (couleurs jaune, blanc, brun ou noir)<\/strong><\/p>\n<p>Praline d\u00e9licieux avec v\u00f4tre logo ou texte au dessus. Les pralines seront livrer particulier en vrac, mais c&#8217;est aussi possible de les emballer par 2,4,9,12 ou 16 pralines dans une bo\u00eete de cadeau avec une INLAY de couleur or.<\/p>\n<p>Les pralines sont disponible du go\u00fbt pur avec farce aux noisettes; lait avec farce de caramel; blanc avec farce de cappuccino. [&#8230;]<\/p>\n<p><a class=\"btn btn-secondary understrap-read-more-link\" href=\"https:\/\/promz.be\/fr\/product\/logopralines\/\">Lire la suite&#8230;<\/a><\/p>\n","protected":false},"featured_media":7360,"comment_status":"closed","ping_status":"open","template":"","meta":[],"product_cat":[947,977,957],"product_tag":[],"_links":{"self":[{"href":"https:\/\/promz.be\/fr\/wp-json\/wp\/v2\/product\/9617"}],"collection":[{"href":"https:\/\/promz.be\/fr\/wp-json\/wp\/v2\/product"}],"about":[{"href":"https:\/\/promz.be\/fr\/wp-json\/wp\/v2\/types\/product"}],"replies":[{"embeddable":true,"href":"https:\/\/promz.be\/fr\/wp-json\/wp\/v2\/comments?post=9617"}],"wp:featuredmedia":[{"embeddable":true,"href":"https:\/\/promz.be\/fr\/wp-json\/wp\/v2\/media\/7360"}],"wp:attachment":[{"href":"https:\/\/promz.be\/fr\/wp-json\/wp\/v2\/media?parent=9617"}],"wp:term":[{"taxonomy":"product_cat","embeddable":true,"href":"https:\/\/promz.be\/fr\/wp-json\/wp\/v2\/product_cat?post=9617"},{"taxonomy":"product_tag","embeddable":true,"href":"https:\/\/promz.be\/fr\/wp-json\/wp\/v2\/product_tag?post=9617"}],"curies":[{"name":"wp","href":"https:\/\/api.w.org\/{rel}","templated":true}]}}